{"id":103,"date":"2020-07-13T11:15:11","date_gmt":"2020-07-13T11:15:11","guid":{"rendered":"http:\/\/www.auracuidados.es\/webauracuidados\/?page_id=103"},"modified":"2021-06-14T10:00:44","modified_gmt":"2021-06-14T10:00:44","slug":"id","status":"publish","type":"page","link":"https:\/\/www.auracuidados.es\/webauracuidados\/?page_id=103","title":{"rendered":"I+D"},"content":{"rendered":"<p>[et_pb_section fb_built=\u00bb1&#8243; _builder_version=\u00bb4.9.2&#8243; _module_preset=\u00bbdefault\u00bb][et_pb_row custom_padding_last_edited=\u00bboff|desktop\u00bb admin_label=\u00bbText Area\u00bb _builder_version=\u00bb3.25&#8243; custom_padding=\u00bb|||\u00bb custom_padding_tablet=\u00bb100px||50px|\u00bb][et_pb_column type=\u00bb4_4&#8243; _builder_version=\u00bb3.25&#8243; custom_padding=\u00bb|||\u00bb custom_padding__hover=\u00bb|||\u00bb][et_pb_text _builder_version=\u00bb4.9.2&#8243; text_font=\u00bbMontserrat|300|||||||\u00bb text_font_size=\u00bb16px\u00bb text_line_height=\u00bb1.8em\u00bb ul_font=\u00bb||||||||\u00bb ol_font=\u00bb||||||||\u00bb header_font=\u00bb||||||||\u00bb header_2_font=\u00bbMontserrat|300|||||||\u00bb header_2_font_size=\u00bb40px\u00bb header_2_line_height=\u00bb1.5em\u00bb text_orientation=\u00bbcenter\u00bb max_width=\u00bb600px\u00bb module_alignment=\u00bbcenter\u00bb custom_margin=\u00bb|||\u00bb custom_margin_tablet=\u00bb0px|50px||50px\u00bb custom_margin_last_edited=\u00bboff|desktop\u00bb custom_padding=\u00bb|||\u00bb text_line_height_tablet=\u00bb1.8em\u00bb text_line_height_phone=\u00bb1.8em\u00bb text_line_height_last_edited=\u00bboff|desktop\u00bb header_2_font_size_tablet=\u00bb40px\u00bb header_2_font_size_phone=\u00bb30px\u00bb header_2_font_size_last_edited=\u00bbon|phone\u00bb]<\/p>\n<h2><strong>I+D+i Sociosanitaria<\/strong><\/h2>\n<p>[\/et_pb_text][\/et_pb_column][\/et_pb_row][et_pb_row custom_padding_last_edited=\u00bboff|desktop\u00bb admin_label=\u00bbText Area\u00bb _builder_version=\u00bb3.25&#8243; custom_padding=\u00bb3px|||||\u00bb custom_padding_tablet=\u00bb100px||50px|\u00bb][et_pb_column type=\u00bb4_4&#8243; _builder_version=\u00bb3.25&#8243; custom_padding=\u00bb|||\u00bb custom_padding__hover=\u00bb|||\u00bb][et_pb_image src=\u00bbhttp:\/\/www.auracuidados.es\/webauracuidados\/wp-content\/uploads\/2021\/06\/Captura_auto_x2.png\u00bb title_text=\u00bbCaptura_auto_x2&#8243; align=\u00bbright\u00bb force_fullwidth=\u00bbon\u00bb align_tablet=\u00bbcenter\u00bb align_phone=\u00bb\u00bb align_last_edited=\u00bbon|desktop\u00bb _builder_version=\u00bb4.9.2&#8243; custom_margin=\u00bb|||\u00bb custom_padding=\u00bb0px|||||\u00bb animation_style=\u00bbslide\u00bb animation_direction=\u00bbright\u00bb animation_intensity_slide=\u00bb5%\u00bb border_radii=\u00bboff|30px|||15vw\u00bb border_color_all=\u00bbrgba(0,0,0,0)\u00bb border_width_left=\u00bb2vw\u00bb box_shadow_style=\u00bbpreset1&#8243; box_shadow_color=\u00bbrgba(102,141,186,0.7)\u00bb][\/et_pb_image][\/et_pb_column][\/et_pb_row][et_pb_row _builder_version=\u00bb4.9.2&#8243; _module_preset=\u00bbdefault\u00bb][et_pb_column type=\u00bb4_4&#8243; _builder_version=\u00bb4.9.2&#8243; _module_preset=\u00bbdefault\u00bb][et_pb_text _builder_version=\u00bb4.9.2&#8243; text_font=\u00bbMontserrat|300|||||||\u00bb text_font_size=\u00bb16px\u00bb text_line_height=\u00bb2em\u00bb link_font=\u00bb||||||||\u00bb ul_font=\u00bb||||||||\u00bb ol_font=\u00bb||||||||\u00bb quote_font=\u00bb||||||||\u00bb header_font=\u00bb||||||||\u00bb header_2_font=\u00bbMontserrat|300|||||||\u00bb header_2_text_color=\u00bb#212d3b\u00bb header_2_font_size=\u00bb40px\u00bb header_2_line_height=\u00bb1.5em\u00bb text_orientation=\u00bbcenter\u00bb max_width=\u00bb1085px\u00bb module_alignment=\u00bbcenter\u00bb min_height=\u00bb216px\u00bb custom_margin=\u00bb||0px|||\u00bb custom_margin_tablet=\u00bb0px|50px||50px\u00bb custom_margin_last_edited=\u00bboff|desktop\u00bb custom_padding=\u00bb|||\u00bb locked=\u00bboff\u00bb]<\/p>\n<p style=\"text-align: justify;\"><span style=\"font-size: 16px;\">La investigaci\u00f3n y la innovaci\u00f3n en salud y servicios sociales es fundamental para ofrecer servicios sociosanitarios de calidad. Es por ello que Aura Andaluc\u00eda lleva a\u00f1os apostando por el desarrollo de proyectos de I+D+i que permitan la investigaci\u00f3n y posterior aplicaci\u00f3n de los resultados en beneficio de las personas.<\/span><\/p>\n<p style=\"text-align: justify;\">La experiencia de Aura Andaluc\u00eda en el sector sociosanitario nos ha llevado a dise\u00f1ar nuevos modelos de atenci\u00f3n domiciliaria con el objetivo de ofrecer servicios de apoyo a la permanencia en el hogar para personas mayores, en situaci\u00f3n de fragilidad y\/o dependencia, utilizando las nuevas tecnolog\u00edas como herramientas de apoyo.<br \/>Soluciones de teleasistencia avanzada, monitorizaci\u00f3n de salud, videoconsulta y domicilios inteligentes, unidos a herramientas de IA, IOT y ML para conformar un ecosistema tecnol\u00f3gico que sea capaz de dar respuesta a las necesidades actuales de nuestros sistema sociosanitario.<\/p>\n<p style=\"text-align: justify;\">Nuestro equipo de I+D+i trabaja de la mano de un gran equipo multidisciplinar de profesionales sociosanitarios, lo que nos permite ofrecer a nuestros usuarios cuidados de mayor calidad y personalizados seg\u00fan sus necesidades, adem\u00e1s la posibilidad de prestar cuidados no presenciales m\u00e1s all\u00e1 de nuestras propias instalaciones y llegar m\u00e1s f\u00e1cilmente al domicilio de las personas.<\/p>\n<p>[\/et_pb_text][\/et_pb_column][\/et_pb_row][et_pb_row custom_padding_last_edited=\u00bboff|desktop\u00bb admin_label=\u00bbText Area\u00bb _builder_version=\u00bb3.25&#8243; custom_padding=\u00bb|||\u00bb custom_padding_tablet=\u00bb100px||50px|\u00bb][et_pb_column type=\u00bb4_4&#8243; _builder_version=\u00bb3.25&#8243; custom_padding=\u00bb|||\u00bb custom_padding__hover=\u00bb|||\u00bb][et_pb_text _builder_version=\u00bb4.9.2&#8243; text_font=\u00bbMontserrat|300|||||||\u00bb text_font_size=\u00bb16px\u00bb text_line_height=\u00bb1.8em\u00bb ul_font=\u00bb||||||||\u00bb ol_font=\u00bb||||||||\u00bb header_font=\u00bb||||||||\u00bb header_2_font=\u00bbMontserrat|300|||||||\u00bb header_2_font_size=\u00bb40px\u00bb header_2_line_height=\u00bb1.5em\u00bb text_orientation=\u00bbcenter\u00bb max_width=\u00bb792px\u00bb module_alignment=\u00bbcenter\u00bb custom_margin=\u00bb|-162px||||\u00bb custom_margin_tablet=\u00bb0px|50px||50px\u00bb custom_margin_last_edited=\u00bboff|desktop\u00bb custom_padding=\u00bb|||\u00bb text_line_height_tablet=\u00bb1.8em\u00bb text_line_height_phone=\u00bb1.8em\u00bb text_line_height_last_edited=\u00bboff|desktop\u00bb header_2_font_size_tablet=\u00bb40px\u00bb header_2_font_size_phone=\u00bb30px\u00bb header_2_font_size_last_edited=\u00bbon|phone\u00bb]<\/p>\n<h3><strong>SERVICIOS DE APOYO A LA PERMANENCIA A LA HOGAR<\/strong><\/h3>\n<p>[\/et_pb_text][\/et_pb_column][\/et_pb_row][et_pb_row column_structure=\u00bb1_2,1_2&#8243; custom_padding_last_edited=\u00bboff|desktop\u00bb admin_label=\u00bbText Area\u00bb _builder_version=\u00bb3.25&#8243; width=\u00bb100%\u00bb custom_padding=\u00bb|||\u00bb custom_padding_tablet=\u00bb100px||50px|\u00bb][et_pb_column type=\u00bb1_2&#8243; _builder_version=\u00bb3.25&#8243; custom_padding=\u00bb|||\u00bb custom_padding__hover=\u00bb|||\u00bb][et_pb_text _builder_version=\u00bb4.5.0&#8243; text_font=\u00bbMontserrat|300|||||||\u00bb text_font_size=\u00bb16px\u00bb text_line_height=\u00bb2em\u00bb link_font=\u00bb||||||||\u00bb ul_font=\u00bb||||||||\u00bb ol_font=\u00bb||||||||\u00bb quote_font=\u00bb||||||||\u00bb header_font=\u00bb||||||||\u00bb header_2_font=\u00bbMontserrat|300|||||||\u00bb header_2_text_color=\u00bb#212d3b\u00bb header_2_font_size=\u00bb40px\u00bb header_2_line_height=\u00bb1.5em\u00bb text_orientation=\u00bbcenter\u00bb max_width=\u00bb600px\u00bb module_alignment=\u00bbcenter\u00bb min_height=\u00bb207px\u00bb custom_margin=\u00bb||0px|||\u00bb custom_margin_tablet=\u00bb0px|50px||50px\u00bb custom_margin_last_edited=\u00bboff|desktop\u00bb custom_padding=\u00bb||0px|||\u00bb locked=\u00bboff\u00bb]<\/p>\n<p style=\"text-align: justify;\">Una de las principales lineas de trabajo del equipo de I+D+i de Aura Andaluc\u00eda est\u00e1 enfocada al desarrollo de tecnolog\u00edas para el cuidado de las personas en su propio domicilio.<\/p>\n<p style=\"text-align: justify;\">El objetivo es satisfacer el deseo de la mayor parte de las personas de continuar viviendo en su domicilio y en su comunidad siempre que sea posible, y evitar as\u00ed o retrasar institucionalizaciones en centros sociosantarios.<\/p>\n<p style=\"text-align: justify;\">El reto sociodemogr\u00e1fico actual exige nuevos modelos asistenciales, buscando el quilibrio din\u00e1mico entre necesidades sociales y de salud, teniendo en cuenta el domicilio como eje transformador de los cuidados.<\/p>\n<p>[\/et_pb_text][\/et_pb_column][et_pb_column type=\u00bb1_2&#8243; _builder_version=\u00bb4.9.2&#8243; _module_preset=\u00bbdefault\u00bb][et_pb_text _builder_version=\u00bb4.9.2&#8243; text_font=\u00bbMontserrat|300|||||||\u00bb text_font_size=\u00bb16px\u00bb text_line_height=\u00bb2em\u00bb link_font=\u00bb||||||||\u00bb ul_font=\u00bb||||||||\u00bb ol_font=\u00bb||||||||\u00bb quote_font=\u00bb||||||||\u00bb header_font=\u00bb||||||||\u00bb header_2_font=\u00bbMontserrat|300|||||||\u00bb header_2_text_color=\u00bb#212d3b\u00bb header_2_font_size=\u00bb40px\u00bb header_2_line_height=\u00bb1.5em\u00bb text_orientation=\u00bbcenter\u00bb max_width=\u00bb1075px\u00bb module_alignment=\u00bbcenter\u00bb min_height=\u00bb271px\u00bb custom_margin=\u00bb|-43px|0px|||\u00bb custom_margin_tablet=\u00bb0px|50px||50px\u00bb custom_margin_last_edited=\u00bboff|desktop\u00bb custom_padding=\u00bb||0px|||\u00bb locked=\u00bboff\u00bb]<\/p>\n<h4 style=\"text-align: justify;\">Principales l\u00edneas de investigaci\u00f3n:<\/h4>\n<p style=\"text-align: justify;\">&#8211; Teleasistencia avanzada m\u00f3vil.<\/p>\n<p style=\"text-align: justify;\">&#8211; Monitorizaci\u00f3n remota de la salud, signos y s\u00edntomas.<\/p>\n<p style=\"text-align: justify;\">&#8211; Domicilios inteligentes que nos ayuden a cuidar de las personas.<\/p>\n<p style=\"text-align: justify;\">&#8211; Herramientas de atenci\u00f3n remota para la prevenci\u00f3n de accidentes y enfermedades.<\/p>\n<p style=\"text-align: justify;\">&#8211; Soluciones de cuidados remotos con programas espec\u00edficos de rehabilitaci\u00f3n seg\u00fan la patolog\u00eda, especialmente tras el alta hospitalaria.<\/p>\n<p style=\"text-align: justify;\">&#8211; Atenci\u00f3n al paciente oncol\u00f3gico en su domicilio.<\/p>\n<p>[\/et_pb_text][\/et_pb_column][\/et_pb_row][et_pb_row column_structure=\u00bb1_2,1_2&#8243; _builder_version=\u00bb4.9.2&#8243; _module_preset=\u00bbdefault\u00bb][et_pb_column type=\u00bb1_2&#8243; _builder_version=\u00bb4.9.2&#8243; _module_preset=\u00bbdefault\u00bb][et_pb_image src=\u00bbhttp:\/\/www.auracuidados.es\/webauracuidados\/wp-content\/uploads\/2020\/12\/teleasistencia1-1.jpg\u00bb _builder_version=\u00bb4.9.2&#8243; _module_preset=\u00bbdefault\u00bb][\/et_pb_image][\/et_pb_column][et_pb_column type=\u00bb1_2&#8243; _builder_version=\u00bb4.9.2&#8243; _module_preset=\u00bbdefault\u00bb][et_pb_image src=\u00bbhttp:\/\/www.auracuidados.es\/webauracuidados\/wp-content\/uploads\/2020\/10\/Aura-Teleasistencia-3-scaled.jpg\u00bb _builder_version=\u00bb4.9.2&#8243; _module_preset=\u00bbdefault\u00bb][\/et_pb_image][\/et_pb_column][\/et_pb_row][\/et_pb_section]<\/p>\n","protected":false},"excerpt":{"rendered":"<p>I+D+i SociosanitariaLa investigaci\u00f3n y la innovaci\u00f3n en salud y servicios sociales es fundamental para ofrecer servicios sociosanitarios de calidad. Es por ello que Aura Andaluc\u00eda lleva a\u00f1os apostando por el desarrollo de proyectos de I+D+i que permitan la investigaci\u00f3n y posterior aplicaci\u00f3n de los resultados en beneficio de las personas. La experiencia de Aura Andaluc\u00eda [&hellip;]<\/p>\n","protected":false},"author":1,"featured_media":0,"parent":0,"menu_order":0,"comment_status":"closed","ping_status":"closed","template":"","meta":{"_et_pb_use_builder":"on","_et_pb_old_content":"","_et_gb_content_width":"","footnotes":""},"class_list":["post-103","page","type-page","status-publish","hentry"],"_links":{"self":[{"href":"https:\/\/www.auracuidados.es\/webauracuidados\/index.php?rest_route=\/wp\/v2\/pages\/103","targetHints":{"allow":["GET"]}}],"collection":[{"href":"https:\/\/www.auracuidados.es\/webauracuidados\/index.php?rest_route=\/wp\/v2\/pages"}],"about":[{"href":"https:\/\/www.auracuidados.es\/webauracuidados\/index.php?rest_route=\/wp\/v2\/types\/page"}],"author":[{"embeddable":true,"href":"https:\/\/www.auracuidados.es\/webauracuidados\/index.php?rest_route=\/wp\/v2\/users\/1"}],"replies":[{"embeddable":true,"href":"https:\/\/www.auracuidados.es\/webauracuidados\/index.php?rest_route=%2Fwp%2Fv2%2Fcomments&post=103"}],"version-history":[{"count":8,"href":"https:\/\/www.auracuidados.es\/webauracuidados\/index.php?rest_route=\/wp\/v2\/pages\/103\/revisions"}],"predecessor-version":[{"id":1142,"href":"https:\/\/www.auracuidados.es\/webauracuidados\/index.php?rest_route=\/wp\/v2\/pages\/103\/revisions\/1142"}],"wp:attachment":[{"href":"https:\/\/www.auracuidados.es\/webauracuidados\/index.php?rest_route=%2Fwp%2Fv2%2Fmedia&parent=103"}],"curies":[{"name":"wp","href":"https:\/\/api.w.org\/{rel}","templated":true}]}}