{"id":1914,"date":"2022-05-09T09:33:19","date_gmt":"2022-05-09T09:33:19","guid":{"rendered":"http:\/\/www.auracuidados.es\/webauracuidados\/?page_id=1914"},"modified":"2022-05-09T09:46:23","modified_gmt":"2022-05-09T09:46:23","slug":"politica-de-calidad-y-gestion-ambiental","status":"publish","type":"page","link":"https:\/\/www.auracuidados.es\/webauracuidados\/?page_id=1914","title":{"rendered":"Pol\u00edtica de Calidad y Gesti\u00f3n Ambiental"},"content":{"rendered":"<p>[et_pb_section fb_built=\u00bb1&#8243; _builder_version=\u00bb4.9.2&#8243; _module_preset=\u00bbdefault\u00bb][et_pb_row _builder_version=\u00bb4.9.2&#8243; _module_preset=\u00bbdefault\u00bb][et_pb_column type=\u00bb4_4&#8243; _builder_version=\u00bb4.9.2&#8243; _module_preset=\u00bbdefault\u00bb][et_pb_text _builder_version=\u00bb4.9.2&#8243; _module_preset=\u00bbdefault\u00bb text_font=\u00bbMontserrat|300|||||||\u00bb hover_enabled=\u00bb0&#8243; sticky_enabled=\u00bb0&#8243;]<\/p>\n<h2 style=\"text-align: center;\"><strong>P\u00d3LITICA CALIDAD Y GESTI\u00d3N AMBIENTAL<\/strong><\/h2>\n<p>[\/et_pb_text][\/et_pb_column][\/et_pb_row][et_pb_row _builder_version=\u00bb4.9.2&#8243; _module_preset=\u00bbdefault\u00bb][et_pb_column type=\u00bb4_4&#8243; _builder_version=\u00bb4.9.2&#8243; _module_preset=\u00bbdefault\u00bb][et_pb_text _builder_version=\u00bb4.9.2&#8243; _module_preset=\u00bbdefault\u00bb]<\/p>\n<p style=\"text-align: justify;\"><span style=\"color: #000000;\">En <strong><em>AURA CUIDADOS<\/em>,<\/strong> entendemos la Calidad como el instrumento de gesti\u00f3n mediante el cual se planifican y desarrollan todas las actividades que se ofrecen a nuestros mayores y personas dependientes en las residencias, centros de atenci\u00f3n y centros de d\u00eda, y para nuestros alumnos en nuestra actividad como centro de formaci\u00f3n.<\/span><\/p>\n<p style=\"text-align: justify;\"><span style=\"color: #000000;\">Nuestra premisa es ofrecer una atenci\u00f3n personalizada tanto a residentes, usuarios y \u00a0familiares de estos, como a los alumnos de nuestros cursos de formaci\u00f3n, de manera que se consiga el <strong>cumplimiento de los requisitos legales establecidos<\/strong> y otros requisitos que la organizaci\u00f3n suscriba, as\u00ed como las especificaciones de nuestros servicios, a la vez que obtenemos la <strong>satisfacci\u00f3n de nuestros clientes<\/strong>, minimizando la producci\u00f3n de residuos y evitando el consumo irracional de recursos.<\/span><\/p>\n<p style=\"text-align: justify;\"><span style=\"color: #000000;\">Para conseguir estos principios, entendemos fundamental la implantaci\u00f3n y desarrollo de un Sistema de Calidad y Gesti\u00f3n Ambiental que permita desarrollar nuestras actividades, adapt\u00e1ndolas a la normativa en vigor de nuestro sector, a la normativa ambiental y a las necesidades y expectativas de nuestros clientes y partes interesadas.<\/span><\/p>\n<p style=\"text-align: justify;\"><span style=\"color: #000000;\">El Sistema de Calidad y Gesti\u00f3n Ambiental implantado est\u00e1 basado y fomenta la aplicaci\u00f3n sistem\u00e1tica de la <strong>mejora continua<\/strong> sobre todas las actividades realizadas, entendi\u00e9ndose dicha mejora continua como la necesidad de <u>planificar<\/u> a fondo las actividades a desarrollar, <u>hacerlas<\/u> conforme a lo que se ha decidido, <u>verificar<\/u> los resultados compar\u00e1ndolos con lo planificado y <u>corregir<\/u> cuando sea necesario, iniciando de nuevo el ciclo de la mejora continua.<\/span><\/p>\n<p style=\"text-align: justify;\"><span style=\"color: #000000;\">Con el fin de alcanzar y mantener esta visi\u00f3n de la calidad en nuestro servicio, contemplando como principal premisa el respeto del entorno ambiental, se formulan las siguientes directrices de la Pol\u00edtica de Calidad y Gesti\u00f3n Ambiental de modo que sean apropiados al prop\u00f3sito y al contexto de nuestra organizaci\u00f3n:<\/span><\/p>\n<ul style=\"text-align: justify;\">\n<li style=\"list-style-type: none;\">\n<ul>\n<li><span style=\"color: #000000;\">Mantener una infraestructura en nuestros centros que se acerque lo m\u00e1ximo posible a un hogar adaptado a las necesidades de los residentes y usuarios.<\/span><\/li>\n<li><span style=\"color: #000000;\">Lograr una estancia familiar, tranquila y entra\u00f1able, donde el bienestar y la satisfacci\u00f3n de nuestros residentes y usuarios sean posibles, a\u00fan estando lejos de sus verdaderos hogares.<\/span><\/li>\n<li><span style=\"color: #000000;\">Formar una gran familia constituida por trabajadores, residentes, usuarios y familiares que unifiquen criterios, buscando las mejores soluciones que garanticen la mejor atenci\u00f3n a sus mayores.<\/span><\/li>\n<li><span style=\"color: #000000;\">Lograr la confianza, implicaci\u00f3n y complicidad de nuestra plantilla de trabajadores en la atenci\u00f3n a los residentes, usuarios y familiares. Su experiencia, competencia y motivaci\u00f3n es la garant\u00eda para la consecuci\u00f3n de los principios anteriores.<\/span><\/li>\n<li><span style=\"color: #000000;\">Orientar la formaci\u00f3n para alumnos a la de un puesto de trabajo, utilizando nuestra infraestructura para que el alumno pueda comprobar y experimentar la realidad del trabajo que podr\u00e1 desempe\u00f1ar en un futuro, siendo dicha formaci\u00f3n lo m\u00e1s pr\u00e1ctica posible.<\/span><\/li>\n<li><span style=\"color: #000000;\">Adoptar una disposici\u00f3n y voluntad de cooperaci\u00f3n con los organismos p\u00fablicos y asociaciones que promueven los cursos de formaci\u00f3n, y con los alumnos, mediante una comunicaci\u00f3n con ellos cercana, r\u00e1pida y \u00e1gil.<\/span><\/li>\n<li><span style=\"color: #000000;\">Implicar, motivar y comprometer al personal con objeto de buscar su participaci\u00f3n en la gesti\u00f3n, desarrollo y aplicaci\u00f3n del Sistema de Calidad y Gesti\u00f3n ambiental implantado, para lograr los niveles de calidad requeridos por el cliente.<\/span><\/li>\n<li><span style=\"color: #000000;\">Cuidar nuestro entorno ambiental, garantizando la prevenci\u00f3n, detecci\u00f3n y control de la contaminaci\u00f3n, siendo nuestra principal misi\u00f3n en materia ambiental la minimizaci\u00f3n de los impactos ambientales mediante la reducci\u00f3n de los residuos generados y la optimizaci\u00f3n de los consumos de energ\u00eda.<\/span><\/li>\n<\/ul>\n<\/li>\n<\/ul>\n<p style=\"text-align: justify;\">\n<p style=\"text-align: justify;\"><span style=\"color: #000000;\">Para conseguir el cumplimiento de estos principios de la Pol\u00edtica de Calidad y Gesti\u00f3n Ambiental, la Direcci\u00f3n comunica dicha pol\u00edtica entre sus empleados y proveedores y la pone a disposici\u00f3n de las partes interesadas, buscando mantener siempre elevado el grado de participaci\u00f3n del personal y de las partes interesadas en las actividades relacionadas y en la b\u00fasqueda de mejoras.<\/span><\/p>\n<p style=\"text-align: justify;\"><span style=\"color: #000000;\">Para desarrollar estos principios b\u00e1sicos, la Direcci\u00f3n formula cada a\u00f1o, Objetivos de Calidad y de Gesti\u00f3n Ambiental espec\u00edficos para determinadas \u00e1reas y\/o actividades, que ser\u00e1n siempre medibles y coherentes con esta Pol\u00edtica y con los principios en ella formulada, efectuando el seguimiento de los mismos para verificar su cumplimiento.<\/span><\/p>\n<p style=\"text-align: right;\"><span style=\"color: #000000;\"><strong>Javier Oyarzabal Latorre<\/strong><\/span><\/p>\n<p style=\"text-align: right;\"><span style=\"color: #000000;\">\u00a0 \u00a0 \u00a0 \u00a0 \u00a0 \u00a0 \u00a0 \u00a0 \u00a0 \u00a0 \u00a0 \u00a0 \u00a0 \u00a0 \u00a0 \u00a0 \u00a0 \u00a0 \u00a0 \u00a0 \u00a0 \u00a0 \u00a0 \u00a0 \u00a0 \u00a0 \u00a0 \u00a0 \u00a0 \u00a0 \u00a0 \u00a0<strong>Director General de Aura Cuidados<\/strong><\/span><\/p>\n<p><span style=\"color: #000000;\"><em>Fecha: 07\/ 01\/2018\u00a0<\/em><\/span><\/p>\n<p>[\/et_pb_text][\/et_pb_column][\/et_pb_row][\/et_pb_section]<\/p>\n","protected":false},"excerpt":{"rendered":"<p>P\u00d3LITICA CALIDAD Y GESTI\u00d3N AMBIENTALEn AURA CUIDADOS, entendemos la Calidad como el instrumento de gesti\u00f3n mediante el cual se planifican y desarrollan todas las actividades que se ofrecen a nuestros mayores y personas dependientes en las residencias, centros de atenci\u00f3n y centros de d\u00eda, y para nuestros alumnos en nuestra actividad como centro de formaci\u00f3n. [&hellip;]<\/p>\n","protected":false},"author":2,"featured_media":0,"parent":0,"menu_order":0,"comment_status":"closed","ping_status":"closed","template":"","meta":{"_et_pb_use_builder":"on","_et_pb_old_content":"","_et_gb_content_width":"","footnotes":""},"class_list":["post-1914","page","type-page","status-publish","hentry"],"_links":{"self":[{"href":"https:\/\/www.auracuidados.es\/webauracuidados\/index.php?rest_route=\/wp\/v2\/pages\/1914","targetHints":{"allow":["GET"]}}],"collection":[{"href":"https:\/\/www.auracuidados.es\/webauracuidados\/index.php?rest_route=\/wp\/v2\/pages"}],"about":[{"href":"https:\/\/www.auracuidados.es\/webauracuidados\/index.php?rest_route=\/wp\/v2\/types\/page"}],"author":[{"embeddable":true,"href":"https:\/\/www.auracuidados.es\/webauracuidados\/index.php?rest_route=\/wp\/v2\/users\/2"}],"replies":[{"embeddable":true,"href":"https:\/\/www.auracuidados.es\/webauracuidados\/index.php?rest_route=%2Fwp%2Fv2%2Fcomments&post=1914"}],"version-history":[{"count":6,"href":"https:\/\/www.auracuidados.es\/webauracuidados\/index.php?rest_route=\/wp\/v2\/pages\/1914\/revisions"}],"predecessor-version":[{"id":1923,"href":"https:\/\/www.auracuidados.es\/webauracuidados\/index.php?rest_route=\/wp\/v2\/pages\/1914\/revisions\/1923"}],"wp:attachment":[{"href":"https:\/\/www.auracuidados.es\/webauracuidados\/index.php?rest_route=%2Fwp%2Fv2%2Fmedia&parent=1914"}],"curies":[{"name":"wp","href":"https:\/\/api.w.org\/{rel}","templated":true}]}}