{"id":2057,"date":"2023-12-01T11:44:22","date_gmt":"2023-12-01T11:44:22","guid":{"rendered":"http:\/\/www.auracuidados.es\/webauracuidados\/?page_id=2057"},"modified":"2023-12-01T12:09:06","modified_gmt":"2023-12-01T12:09:06","slug":"canal-de-denuncias-residencial-lago-de-arcos","status":"publish","type":"page","link":"https:\/\/www.auracuidados.es\/webauracuidados\/?page_id=2057","title":{"rendered":"CANAL DE DENUNCIAS RESIDENCIAL LAGO DE ARCOS"},"content":{"rendered":"<p>[et_pb_section fb_built=\u00bb1&#8243; _builder_version=\u00bb4.21.0&#8243; _module_preset=\u00bbdefault\u00bb global_colors_info=\u00bb{}\u00bb][et_pb_row _builder_version=\u00bb4.21.0&#8243; _module_preset=\u00bbdefault\u00bb global_colors_info=\u00bb{}\u00bb][et_pb_column type=\u00bb4_4&#8243; _builder_version=\u00bb4.21.0&#8243; _module_preset=\u00bbdefault\u00bb global_colors_info=\u00bb{}\u00bb][et_pb_text _builder_version=\u00bb4.21.0&#8243; _module_preset=\u00bbdefault\u00bb global_colors_info=\u00bb{}\u00bb]<\/p>\n<h1>CANAL DE DENUCNIAS RESIDENCIAL LAGO DE ARCOS<\/h1>\n<p>[\/et_pb_text][\/et_pb_column][\/et_pb_row][et_pb_row _builder_version=\u00bb4.21.0&#8243; _module_preset=\u00bbdefault\u00bb global_colors_info=\u00bb{}\u00bb][et_pb_column type=\u00bb4_4&#8243; _builder_version=\u00bb4.21.0&#8243; _module_preset=\u00bbdefault\u00bb global_colors_info=\u00bb{}\u00bb][et_pb_text _builder_version=\u00bb4.21.0&#8243; _module_preset=\u00bbdefault\u00bb hover_enabled=\u00bb0&#8243; global_colors_info=\u00bb{}\u00bb sticky_enabled=\u00bb0&#8243;]<\/p>\n<p style=\"text-align: justify;\">El canal de denuncias de <strong><span>RESIDENCIAL LAGO ARCOS, S.L.<\/span><\/strong> le permite informar r\u00e1pida y f\u00e1cilmente de cualquier conducta o situaci\u00f3n que viole las leyes o reglamentos aplicables, conforme a la Ley 2\/2023, de 20 de febrero reguladora de la protecci\u00f3n de las personas que informen sobre infracciones normativas y de lucha contra la corrupci\u00f3n<\/p>\n<p style=\"text-align: justify;\">No debe utilizarse para hacer falsas acusaciones contra otros, y en general, no debe comunicarse informaci\u00f3n deliberadamente falsa.<\/p>\n<p style=\"text-align: justify;\">Todas las comunicaciones realizadas a trav\u00e9s de este canal ser\u00e1n confidenciales y podr\u00e1n ser an\u00f3nimas dado que la herramienta inform\u00e1tica de seguridad utilizada garantiza el anonimato.<\/p>\n<p style=\"text-align: justify;\">El remitente ser\u00e1 protegido ante cualquier intento de represalia. Adem\u00e1s, a las comunicaciones se les podr\u00e1 adjuntar la documentaci\u00f3n que se considere oportuna.<\/p>\n<p style=\"text-align: justify;\">El canal garantiza la integridad en la trazabilidad de la gesti\u00f3n de la denuncia y\/o consulta desde su entrada hasta su resoluci\u00f3n.<\/p>\n<p style=\"text-align: justify;\">La persona que hace la comunicaci\u00f3n tiene la plena garant\u00eda del anonimato en el entorno digital si opta por hacer la comunicaci\u00f3n de manera an\u00f3nima.<\/p>\n<p style=\"text-align: justify;\">Para enviar una denuncia, haga clic en \u00abRealizar una denuncia\u00bb m\u00e1s abajo.<\/p>\n<p style=\"text-align: justify;\"><strong>Nota:<\/strong> Este canal de denuncia es un sistema de denuncia protegido, alojado en servidores externos seguros que no forman parte de las webs o intranets de <strong><span>RESIDENCIAL LAGO ARCOS, S.L.<\/span><\/strong><\/p>\n<p>\u00a0<span><a href=\"https:\/\/lagoarcos.whistle.qmpliance.io\" target=\"_blank\" rel=\"noopener\">Realizar una denuncia<\/a><\/span><\/p>\n<p>[\/et_pb_text][\/et_pb_column][\/et_pb_row][\/et_pb_section]<\/p>\n","protected":false},"excerpt":{"rendered":"<p>CANAL DE DENUCNIAS RESIDENCIAL LAGO DE ARCOSEl canal de denuncias de RESIDENCIAL LAGO ARCOS, S.L. le permite informar r\u00e1pida y f\u00e1cilmente de cualquier conducta o situaci\u00f3n que viole las leyes o reglamentos aplicables, conforme a la Ley 2\/2023, de 20 de febrero reguladora de la protecci\u00f3n de las personas que informen sobre infracciones normativas y [&hellip;]<\/p>\n","protected":false},"author":1,"featured_media":0,"parent":0,"menu_order":0,"comment_status":"closed","ping_status":"closed","template":"","meta":{"_et_pb_use_builder":"on","_et_pb_old_content":"","_et_gb_content_width":"","footnotes":""},"class_list":["post-2057","page","type-page","status-publish","hentry"],"_links":{"self":[{"href":"https:\/\/www.auracuidados.es\/webauracuidados\/index.php?rest_route=\/wp\/v2\/pages\/2057","targetHints":{"allow":["GET"]}}],"collection":[{"href":"https:\/\/www.auracuidados.es\/webauracuidados\/index.php?rest_route=\/wp\/v2\/pages"}],"about":[{"href":"https:\/\/www.auracuidados.es\/webauracuidados\/index.php?rest_route=\/wp\/v2\/types\/page"}],"author":[{"embeddable":true,"href":"https:\/\/www.auracuidados.es\/webauracuidados\/index.php?rest_route=\/wp\/v2\/users\/1"}],"replies":[{"embeddable":true,"href":"https:\/\/www.auracuidados.es\/webauracuidados\/index.php?rest_route=%2Fwp%2Fv2%2Fcomments&post=2057"}],"version-history":[{"count":4,"href":"https:\/\/www.auracuidados.es\/webauracuidados\/index.php?rest_route=\/wp\/v2\/pages\/2057\/revisions"}],"predecessor-version":[{"id":2077,"href":"https:\/\/www.auracuidados.es\/webauracuidados\/index.php?rest_route=\/wp\/v2\/pages\/2057\/revisions\/2077"}],"wp:attachment":[{"href":"https:\/\/www.auracuidados.es\/webauracuidados\/index.php?rest_route=%2Fwp%2Fv2%2Fmedia&parent=2057"}],"curies":[{"name":"wp","href":"https:\/\/api.w.org\/{rel}","templated":true}]}}