{"id":333,"date":"2020-10-08T07:17:38","date_gmt":"2020-10-08T07:17:38","guid":{"rendered":"http:\/\/www.auracuidados.es\/webauracuidados\/?page_id=333"},"modified":"2022-05-09T09:39:35","modified_gmt":"2022-05-09T09:39:35","slug":"quienes-somos","status":"publish","type":"page","link":"https:\/\/www.auracuidados.es\/webauracuidados\/?page_id=333","title":{"rendered":"QUI\u00c9NES SOMOS"},"content":{"rendered":"<p>[et_pb_section fb_built=\u00bb1&#8243; admin_label=\u00bbServices\u00bb _builder_version=\u00bb4.5.0&#8243; background_color=\u00bb#f1f5f7&#8243; min_height=\u00bb1245px\u00bb custom_margin=\u00bb-2px||6px|||\u00bb custom_padding=\u00bb23px|0px|23px|0px|true|false\u00bb border_radii=\u00bboff|15vw|15vw||\u00bb][et_pb_row custom_padding_last_edited=\u00bboff|desktop\u00bb admin_label=\u00bbText Area\u00bb _builder_version=\u00bb3.25&#8243; custom_padding=\u00bb|||\u00bb custom_padding_tablet=\u00bb100px||50px|\u00bb][et_pb_column type=\u00bb4_4&#8243; _builder_version=\u00bb3.25&#8243; custom_padding=\u00bb|||\u00bb custom_padding__hover=\u00bb|||\u00bb][et_pb_text _builder_version=\u00bb4.9.2&#8243; text_font=\u00bbMontserrat|300|||||||\u00bb text_font_size=\u00bb16px\u00bb text_line_height=\u00bb1.8em\u00bb ul_font=\u00bb||||||||\u00bb ol_font=\u00bb||||||||\u00bb header_font=\u00bb||||||||\u00bb header_2_font=\u00bbMontserrat|300|||||||\u00bb header_2_font_size=\u00bb40px\u00bb header_2_line_height=\u00bb1.5em\u00bb text_orientation=\u00bbcenter\u00bb max_width=\u00bb600px\u00bb module_alignment=\u00bbcenter\u00bb custom_margin=\u00bb|||\u00bb custom_margin_tablet=\u00bb0px|50px||50px\u00bb custom_margin_last_edited=\u00bboff|desktop\u00bb custom_padding=\u00bb|||\u00bb hover_enabled=\u00bb0&#8243; text_line_height_tablet=\u00bb1.8em\u00bb text_line_height_phone=\u00bb1.8em\u00bb text_line_height_last_edited=\u00bboff|desktop\u00bb header_2_font_size_tablet=\u00bb40px\u00bb header_2_font_size_phone=\u00bb30px\u00bb header_2_font_size_last_edited=\u00bbon|phone\u00bb sticky_enabled=\u00bb0&#8243;]<\/p>\n<h2><strong>Qui\u00e9nes Somos<\/strong><\/h2>\n<p>[\/et_pb_text][\/et_pb_column][\/et_pb_row][et_pb_row column_structure=\u00bb1_2,1_2&#8243; custom_padding_last_edited=\u00bboff|desktop\u00bb admin_label=\u00bbText Area\u00bb _builder_version=\u00bb3.25&#8243; custom_padding=\u00bb|||\u00bb custom_padding_tablet=\u00bb100px||50px|\u00bb][et_pb_column type=\u00bb1_2&#8243; _builder_version=\u00bb3.25&#8243; custom_padding=\u00bb|||\u00bb custom_padding__hover=\u00bb|||\u00bb][et_pb_text _builder_version=\u00bb4.5.0&#8243; text_font=\u00bbMontserrat|300|||||||\u00bb text_font_size=\u00bb16px\u00bb text_line_height=\u00bb2em\u00bb link_font=\u00bb||||||||\u00bb ul_font=\u00bb||||||||\u00bb ol_font=\u00bb||||||||\u00bb quote_font=\u00bb||||||||\u00bb header_font=\u00bb||||||||\u00bb header_2_font=\u00bbMontserrat|300|||||||\u00bb header_2_text_color=\u00bb#212d3b\u00bb header_2_font_size=\u00bb40px\u00bb header_2_line_height=\u00bb1.5em\u00bb text_orientation=\u00bbcenter\u00bb max_width=\u00bb600px\u00bb module_alignment=\u00bbcenter\u00bb min_height=\u00bb207px\u00bb custom_margin=\u00bb||0px|||\u00bb custom_margin_tablet=\u00bb0px|50px||50px\u00bb custom_margin_last_edited=\u00bboff|desktop\u00bb custom_padding=\u00bb|||\u00bb locked=\u00bboff\u00bb inline_fonts=\u00bbAcme\u00bb]<\/p>\n<p><strong><em><\/em><\/strong><\/p>\n<p><strong><em><\/em><\/strong><\/p>\n<p>&nbsp;<\/p>\n<p><span style=\"font-size: x-large; font-family: 'Fjord One'; font-weight: normal; color: #0c71c3;\"><strong><em>\u201c Envejecer es todav\u00eda el \u00fanico medio que se ha encontrado para vivir mucho tiempo\u201d<\/em><\/strong><\/span><\/p>\n<p style=\"text-align: right;\"><span style=\"font-size: small; font-family: Acme; font-weight: normal; color: #0c71c3;\"><em>Charles Agustin Saintee-Beuve<\/em><\/span><o:p><\/o:p><\/p>\n<p>[\/et_pb_text][\/et_pb_column][et_pb_column type=\u00bb1_2&#8243; _builder_version=\u00bb3.25&#8243; custom_padding=\u00bb|||\u00bb custom_padding__hover=\u00bb|||\u00bb][et_pb_image src=\u00bbhttp:\/\/www.auracuidados.es\/webauracuidados\/wp-content\/uploads\/2020\/10\/quienes-somos.jpg\u00bb title_text=\u00bbquienes somos\u00bb force_fullwidth=\u00bbon\u00bb align_tablet=\u00bbcenter\u00bb align_phone=\u00bb\u00bb align_last_edited=\u00bbon|desktop\u00bb _builder_version=\u00bb4.9.2&#8243; custom_margin=\u00bb|||\u00bb custom_padding=\u00bb|||\u00bb animation_style=\u00bbslide\u00bb animation_direction=\u00bbright\u00bb animation_intensity_slide=\u00bb5%\u00bb border_radii=\u00bboff||||0vw\u00bb border_color_all=\u00bbrgba(0,0,0,0)\u00bb border_width_left=\u00bb0vw\u00bb][\/et_pb_image][\/et_pb_column][\/et_pb_row][et_pb_row _builder_version=\u00bb4.5.0&#8243; _module_preset=\u00bbdefault\u00bb][et_pb_column type=\u00bb4_4&#8243; _builder_version=\u00bb4.5.0&#8243; _module_preset=\u00bbdefault\u00bb][et_pb_text _builder_version=\u00bb4.5.0&#8243; _module_preset=\u00bbdefault\u00bb custom_padding=\u00bb||0px|||\u00bb]<\/p>\n<p style=\"text-align: justify;\"><span style=\"font-size: large;\">Aura Cuidados es un grupo socio-sanitario dedicado desde 1998 a la gestio\u0301n de centros residenciales y unidades de estancia diurna, propios o concertados, dirigidos a personas mayores, con discapacidad, con trastornos de conducta, cro\u0301nicos y dependientes en general. Asimismo, ofrece en estos campos servicios de asesoramiento, consultori\u0301a y asistencia a fun- daciones, empresas, asociaciones y administraciones pu\u0301blicas<span style=\"font-family: Akagi, serif;\">. <\/span><\/span><o:p><\/o:p><\/p>\n<p>[\/et_pb_text][\/et_pb_column][\/et_pb_row][et_pb_row column_structure=\u00bb1_2,1_2&#8243; _builder_version=\u00bb4.9.2&#8243; _module_preset=\u00bbdefault\u00bb background_color=\u00bbRGBA(0,0,0,0)\u00bb custom_margin=\u00bb10px||||false|false\u00bb custom_padding=\u00bb20px|20px|20px|20px|false|false\u00bb scroll_vertical_motion=\u00bb0|69|69|100|4|0|-4&#8243; scroll_scaling_enable=\u00bbon\u00bb scroll_blur_enable=\u00bbon\u00bb border_radii=\u00bbon|7px|7px|7px|7px\u00bb box_shadow_style=\u00bbpreset1&#8243; box_shadow_horizontal=\u00bb4px\u00bb box_shadow_blur=\u00bb0px\u00bb box_shadow_spread=\u00bb-80px\u00bb][et_pb_column type=\u00bb1_2&#8243; _builder_version=\u00bb4.9.2&#8243; _module_preset=\u00bbdefault\u00bb background_color=\u00bbRGBA(0,0,0,0)\u00bb custom_padding=\u00bb0px|11px|0px|10px|false|false\u00bb border_radii=\u00bbon|10px|10px|10px|10px\u00bb border_width_all=\u00bb2px\u00bb border_color_all=\u00bb#0c71c3&#8243;][et_pb_text _builder_version=\u00bb4.5.0&#8243; _module_preset=\u00bbdefault\u00bb background_enable_color=\u00bboff\u00bb width=\u00bb95.7%\u00bb max_width=\u00bb100%\u00bb module_alignment=\u00bbcenter\u00bb min_height=\u00bb391px\u00bb custom_margin=\u00bb10px||-56px|0px|false|false\u00bb inline_fonts=\u00bbAbril Fatface,Arimo\u00bb]<\/p>\n<p style=\"text-align: center;\"><span style=\"font-size: xx-large; font-family: inherit; font-weight: normal; color: #0c71c3;\"><b>Misi\u00f3n<\/b><\/span><\/p>\n<p style=\"text-align: justify;\"><span style=\"font-size: large; font-family: Arimo; font-weight: normal;\">Garantizar la ayuda adecuada a aquellas personas mayores que, por su situacio\u0301n de dependencia o sus circunstancias personales y sociales precisan de una atencio\u0301n sociosanitaria integral, desarrollando para ello un espacio de alojamiento, convivencia y servicios adecuados a dichas necesidades, provisto de un modelo de gestio\u0301n y funcionamiento basado en la asimilacio\u0301n de una cultura de calidad, orientada a la mejora continua y que, contando con la participacio\u0301n activa de todos los agentes intervinientes, facilite las mejores condiciones de estancia, atencio\u0301n y calidad de vida.<\/span><\/p>\n<p style=\"text-align: justify;\"><span style=\"font-size: x-large; font-family: Akagi, serif;\"><\/span><\/p>\n<p>[\/et_pb_text][\/et_pb_column][et_pb_column type=\u00bb1_2&#8243; _builder_version=\u00bb4.9.2&#8243; _module_preset=\u00bbdefault\u00bb background_color=\u00bbRGBA(0,0,0,0)\u00bb custom_padding=\u00bb0px|11px|0px|10px|false|false\u00bb border_radii=\u00bbon|10px|10px|10px|10px\u00bb border_width_all=\u00bb2px\u00bb border_color_all=\u00bb#0c71c3&#8243;][et_pb_text _builder_version=\u00bb4.5.0&#8243; _module_preset=\u00bbdefault\u00bb width=\u00bb97.3%\u00bb max_width=\u00bb100%\u00bb module_alignment=\u00bbcenter\u00bb min_height=\u00bb393px\u00bb custom_margin=\u00bb10px||-57px|0px|false|false\u00bb custom_padding=\u00bb|13px||14px||\u00bb inline_fonts=\u00bbAbril Fatface,Arimo\u00bb]<\/p>\n<p style=\"text-align: center;\"><span style=\"font-size: xx-large; font-family: inherit; font-weight: normal; color: #0c71c3;\"><b>Visi\u00f3n<\/b><\/span><\/p>\n<p style=\"text-align: justify;\"><span style=\"font-size: large; font-family: Arimo; font-weight: normal;\">Facilitar una atencio\u0301n integral que situ\u0301e a la persona en el centro de todos los procesos sin olvidar el papel de familiares, profesionales y dema\u0301s agentes intervinientes en la dina\u0301mica de la atencio\u0301n residencial.<\/span><\/p>\n<p style=\"text-align: justify;\"><span style=\"font-size: x-large; font-family: Akagi, serif;\"><\/span><\/p>\n<p>[\/et_pb_text][\/et_pb_column][\/et_pb_row][et_pb_row _builder_version=\u00bb4.5.0&#8243; _module_preset=\u00bbdefault\u00bb][et_pb_column type=\u00bb4_4&#8243; _builder_version=\u00bb4.5.0&#8243; _module_preset=\u00bbdefault\u00bb][et_pb_divider show_divider=\u00bboff\u00bb _builder_version=\u00bb4.5.0&#8243; _module_preset=\u00bbdefault\u00bb][\/et_pb_divider][\/et_pb_column][\/et_pb_row][et_pb_row _builder_version=\u00bb4.9.2&#8243; _module_preset=\u00bbdefault\u00bb][et_pb_column type=\u00bb4_4&#8243; _builder_version=\u00bb4.9.2&#8243; _module_preset=\u00bbdefault\u00bb][et_pb_text _builder_version=\u00bb4.9.2&#8243; _module_preset=\u00bbdefault\u00bb]<\/p>\n<h2 style=\"text-align: center;\"><strong>Objetivos<\/strong><\/h2>\n<p>[\/et_pb_text][\/et_pb_column][\/et_pb_row][et_pb_row _builder_version=\u00bb4.9.2&#8243; _module_preset=\u00bbdefault\u00bb][et_pb_column type=\u00bb4_4&#8243; _builder_version=\u00bb4.9.2&#8243; _module_preset=\u00bbdefault\u00bb][et_pb_image src=\u00bbhttp:\/\/www.auracuidados.es\/webauracuidados\/wp-content\/uploads\/2021\/06\/Dibujo2.svg\u00bb title_text=\u00bbDibujo2&#8243; align=\u00bbcenter\u00bb _builder_version=\u00bb4.9.2&#8243; _module_preset=\u00bbdefault\u00bb][\/et_pb_image][\/et_pb_column][\/et_pb_row][et_pb_row _builder_version=\u00bb4.5.0&#8243; _module_preset=\u00bbdefault\u00bb][et_pb_column type=\u00bb4_4&#8243; _builder_version=\u00bb4.5.0&#8243; _module_preset=\u00bbdefault\u00bb][et_pb_divider show_divider=\u00bboff\u00bb _builder_version=\u00bb4.5.0&#8243; _module_preset=\u00bbdefault\u00bb][\/et_pb_divider][\/et_pb_column][\/et_pb_row][et_pb_row _builder_version=\u00bb4.5.0&#8243; _module_preset=\u00bbdefault\u00bb background_color=\u00bb#ffffff\u00bb scroll_vertical_motion=\u00bb0|69|69|100|4|0|-4&#8243; scroll_fade_enable=\u00bbon\u00bb scroll_scaling_enable=\u00bbon\u00bb border_radii=\u00bbon|70px|70px|70px|70px\u00bb][et_pb_column type=\u00bb4_4&#8243; _builder_version=\u00bb4.5.0&#8243; _module_preset=\u00bbdefault\u00bb][et_pb_text _builder_version=\u00bb4.5.0&#8243; _module_preset=\u00bbdefault\u00bb custom_padding=\u00bb3px||3px|||\u00bb]<\/p>\n<p style=\"text-align: center;\"><span style=\"font-size: xx-large;\"><strong><span style=\"color: #0c71c3;\">Valores<\/span><\/strong><\/span><\/p>\n<p>[\/et_pb_text][et_pb_text _builder_version=\u00bb4.5.0&#8243; _module_preset=\u00bbdefault\u00bb custom_padding=\u00bb0px|15px|10px|15px|false|false\u00bb]<\/p>\n<p style=\"text-align: justify;\"><span style=\"font-size: large;\">En el marco de nuestro compromiso con la sociedad, atendiendo de una manera integral y personalizada a los residentes o usuarios de nuestros centros y servicios, promovemos los valores de Responsabilidad Social, integraci\u00f3n, normalizaci\u00f3n, participaci\u00f3n y respeto a legalidad, al tiempo que favorecemos el desarrollo profesional de cuantos prestan sus servicios en ellos, el compromiso con la calidad y el respeto al medio ambiente.<\/span><\/p>\n<p style=\"text-align: justify;\"><span style=\"font-size: large;\">Defendemos firmemente tanto los derechos de ciudadan\u00eda1 como la protecci\u00f3n y garant\u00eda de los dem\u00e1s derechos y libertades que los mayores tienen reconocidos en la legislaci\u00f3n aplicable: privacidad; intimidad; dignidad y libertad de elecci\u00f3n. Asimismo, inspirados por el humanismo cristiano, procuramos brindar soporte emocional a nuestros residentes y usuarios, al tiempo que servirles de acompa\u00f1amiento en las tareas de recapitulaci\u00f3n de la propia historia personal y para erigirse en testigos de esperanza.<\/span><\/p>\n<p style=\"text-align: justify;\"><span style=\"font-size: large;\">\u00a0<\/span><\/p>\n<p style=\"text-align: justify;\"><span style=\"font-size: large;\">Firmes defensores de los principios \u00e9ticos de la atenci\u00f3n residencial, evitamos la confrontaci\u00f3n, el trato vejatorio, desigual o discriminatorio, al tiempo que, respetamos la voluntad individual y sustentamos nuestras acciones en los cuatro principios de la bio\u00e9tica aplicados por los profesionales sanitarios: Autonom\u00eda , Beneficencia , no maleficencia y justicia , complementados por los de fidelidad , confidencialidad y respeto a los derechos de los profesionales<\/span><\/p>\n<p>[\/et_pb_text][\/et_pb_column][\/et_pb_row][et_pb_row _builder_version=\u00bb4.5.0&#8243; _module_preset=\u00bbdefault\u00bb][et_pb_column type=\u00bb4_4&#8243; _builder_version=\u00bb4.5.0&#8243; _module_preset=\u00bbdefault\u00bb][\/et_pb_column][\/et_pb_row][et_pb_row _builder_version=\u00bb4.9.2&#8243; _module_preset=\u00bbdefault\u00bb][et_pb_column type=\u00bb4_4&#8243; _builder_version=\u00bb4.9.2&#8243; _module_preset=\u00bbdefault\u00bb custom_padding=\u00bb0px||0px||false|false\u00bb border_radii=\u00bbon|46px|46px|46px|46px\u00bb border_width_all=\u00bb23px\u00bb border_color_all=\u00bb#FFFFFF\u00bb][et_pb_text _builder_version=\u00bb4.9.2&#8243; _module_preset=\u00bbdefault\u00bb background_color=\u00bb#FFFFFF\u00bb width=\u00bb100%\u00bb min_height=\u00bb790px\u00bb custom_margin=\u00bb-3px||||false|false\u00bb custom_padding=\u00bb4px|||||\u00bb border_radii=\u00bbon|19px|19px|19px|19px\u00bb]<\/p>\n<h2 style=\"text-align: justify;\"><span style=\"font-size: large;\">1. Queremos dejar constancia expresa de la<strong> \u00abCarta de los Derechos para las personas Mayores\u00bb<\/strong> promulgada por el Consejo de la Regi\u00f3n Europea de la IAG en Adelaida en Agosto de 1997 as\u00ed como los Derechos fundamentales de las personas mayores dependientes, enunciados en la Carta Social Europea revisada por el Consejo de Europa en el a\u00f1o 2000: Derecho a la protecci\u00f3n sanitaria; derecho a la independencia; derecho a la protecci\u00f3n social; integraci\u00f3n social y participaci\u00f3n comunitaria&#8230;<\/span><\/h2>\n<h2 style=\"text-align: justify;\"><span style=\"font-size: large;\">2. En lo que respecta tanto la vida como al estado de salud o enfermedad de los residentes, respetamos su autonom\u00eda, sus valores, criterios y preferencias, aunque en el caso de tratarse de usuarios con problemas psicogeri\u00e1tricos sera la familia y\/o la declaraci\u00f3n de incapacitaci\u00f3n judicial la base en que nos apoyaremos para intervenir sin da\u00f1ar dicho principio.\u00a0<\/span><\/h2>\n<h2 style=\"text-align: justify;\"><span style=\"font-size: large;\">3. Al hablar de beneficencia lo hacemos entendi\u00e9ndola como la obligaci\u00f3n que tenemos de hacer el bien, como un derecho que tienen los usuarios del Centro y nunca como un acto de bondad o caridad, m\u00e1xime cuando el principio obliga tanto en lo referido al control de la enfermedad como a la atenci\u00f3n integral del residente.<\/span><\/h2>\n<h2 style=\"text-align: justify;\"><span style=\"font-size: large;\">4. Por no maleficencia entendemos la obligaci\u00f3n que, como profesionales, tenemos de no causar mal al usuario as\u00ed como que, en cualquier situaci\u00f3n, por muy compleja que sea, deben guiarnos los principios de evitar tanto los malos tratos como la obstinaci\u00f3n terap\u00e9utica.<\/span><\/h2>\n<h2 style=\"text-align: justify;\"><span style=\"font-size: large;\">5. Por principio de justicia entendemos que cada usuario o residente debe recibir cuantos cuidados precise sin discriminaci\u00f3n alguna y con una distribuci\u00f3n justa de los recursos de que se dispone en el centro.<\/span><\/h2>\n<h2 style=\"text-align: justify;\"><span style=\"font-size: large;\">6. Nos referimos al deber de asumimos, todos los profesionales, de cumplir con lo acordado o consensuado en relaci\u00f3n a cada usuario.<\/span><\/h2>\n<h2 style=\"text-align: justify;\"><span style=\"font-size: large;\">7. Al hablar de confidencialidad queremos significar que los profesionales mantenemos el secreto y confidencialidad de todos los procesos que vive un usuario en el Centro.<\/span><\/h2>\n<h2 style=\"text-align: justify;\"><span style=\"font-size: large;\">8. A ser tratados por los usuarios y familiares con respeto y dignidad, a ser cuidados por el enorme desgaste que significa la atenci\u00f3n a personas mayores dependientes, a disfrutar de los derechos recogidos en la normativa laboral y dem\u00e1s ordenamiento jur\u00eddico. A ellos, a\u00f1adimos los principios de relaci\u00f3n entre compa\u00f1eros y de relaci\u00f3n con los usuarios recogidos en la m\u00e1xima CRAS que significa:\u00a0 Correcci\u00f3n, Respeto, Amabilidad y Sinceridad.\u00a0<\/span><\/h2>\n<p>[\/et_pb_text][\/et_pb_column][\/et_pb_row][et_pb_row _builder_version=\u00bb4.9.2&#8243; _module_preset=\u00bbdefault\u00bb][et_pb_column type=\u00bb4_4&#8243; _builder_version=\u00bb4.9.2&#8243; _module_preset=\u00bbdefault\u00bb][et_pb_text _builder_version=\u00bb4.9.2&#8243; _module_preset=\u00bbdefault\u00bb][\/et_pb_text][\/et_pb_column][\/et_pb_row][\/et_pb_section]<\/p>\n","protected":false},"excerpt":{"rendered":"<p>Qui\u00e9nes Somos &nbsp; \u201c Envejecer es todav\u00eda el \u00fanico medio que se ha encontrado para vivir mucho tiempo\u201d Charles Agustin Saintee-BeuveAura Cuidados es un grupo socio-sanitario dedicado desde 1998 a la gestio\u0301n de centros residenciales y unidades de estancia diurna, propios o concertados, dirigidos a personas mayores, con discapacidad, con trastornos de conducta, cro\u0301nicos y [&hellip;]<\/p>\n","protected":false},"author":1,"featured_media":0,"parent":0,"menu_order":0,"comment_status":"closed","ping_status":"closed","template":"","meta":{"_et_pb_use_builder":"on","_et_pb_old_content":"","_et_gb_content_width":"","footnotes":""},"class_list":["post-333","page","type-page","status-publish","hentry"],"_links":{"self":[{"href":"https:\/\/www.auracuidados.es\/webauracuidados\/index.php?rest_route=\/wp\/v2\/pages\/333","targetHints":{"allow":["GET"]}}],"collection":[{"href":"https:\/\/www.auracuidados.es\/webauracuidados\/index.php?rest_route=\/wp\/v2\/pages"}],"about":[{"href":"https:\/\/www.auracuidados.es\/webauracuidados\/index.php?rest_route=\/wp\/v2\/types\/page"}],"author":[{"embeddable":true,"href":"https:\/\/www.auracuidados.es\/webauracuidados\/index.php?rest_route=\/wp\/v2\/users\/1"}],"replies":[{"embeddable":true,"href":"https:\/\/www.auracuidados.es\/webauracuidados\/index.php?rest_route=%2Fwp%2Fv2%2Fcomments&post=333"}],"version-history":[{"count":13,"href":"https:\/\/www.auracuidados.es\/webauracuidados\/index.php?rest_route=\/wp\/v2\/pages\/333\/revisions"}],"predecessor-version":[{"id":1920,"href":"https:\/\/www.auracuidados.es\/webauracuidados\/index.php?rest_route=\/wp\/v2\/pages\/333\/revisions\/1920"}],"wp:attachment":[{"href":"https:\/\/www.auracuidados.es\/webauracuidados\/index.php?rest_route=%2Fwp%2Fv2%2Fmedia&parent=333"}],"curies":[{"name":"wp","href":"https:\/\/api.w.org\/{rel}","templated":true}]}}