{"id":793,"date":"2020-10-15T23:17:27","date_gmt":"2020-10-15T23:17:27","guid":{"rendered":"http:\/\/www.auracuidados.es\/webauracuidados\/?page_id=793"},"modified":"2021-07-08T08:19:15","modified_gmt":"2021-07-08T08:19:15","slug":"atencion-residencial-2","status":"publish","type":"page","link":"https:\/\/www.auracuidados.es\/webauracuidados\/?page_id=793","title":{"rendered":"ATENCI\u00d3N RESIDENCIAL"},"content":{"rendered":"[et_pb_section fb_built=\u00bb1&#8243; admin_label=\u00bbServices\u00bb _builder_version=\u00bb4.5.0&#8243; background_color=\u00bb#f1f5f7&#8243; min_height=\u00bb734px\u00bb custom_margin=\u00bb-2px||6px|||\u00bb custom_padding=\u00bb18px|0px|18px|0px|true|false\u00bb border_radii=\u00bboff|15vw|15vw||\u00bb][et_pb_row custom_padding_last_edited=\u00bboff|desktop\u00bb admin_label=\u00bbText Area\u00bb _builder_version=\u00bb3.25&#8243; custom_padding=\u00bb|||\u00bb custom_padding_tablet=\u00bb100px||50px|\u00bb][et_pb_column type=\u00bb4_4&#8243; _builder_version=\u00bb3.25&#8243; custom_padding=\u00bb|||\u00bb custom_padding__hover=\u00bb|||\u00bb][et_pb_text _builder_version=\u00bb4.9.2&#8243; text_font=\u00bbMontserrat|300|||||||\u00bb text_font_size=\u00bb16px\u00bb text_line_height=\u00bb1.8em\u00bb ul_font=\u00bb||||||||\u00bb ol_font=\u00bb||||||||\u00bb header_font=\u00bb||||||||\u00bb header_2_font=\u00bbMontserrat|300|||||||\u00bb header_2_font_size=\u00bb40px\u00bb header_2_line_height=\u00bb1.5em\u00bb text_orientation=\u00bbcenter\u00bb max_width=\u00bb600px\u00bb module_alignment=\u00bbcenter\u00bb custom_margin=\u00bb|||\u00bb custom_margin_tablet=\u00bb0px|50px||50px\u00bb custom_margin_last_edited=\u00bboff|desktop\u00bb custom_padding=\u00bb|||\u00bb text_line_height_tablet=\u00bb1.8em\u00bb text_line_height_phone=\u00bb1.8em\u00bb text_line_height_last_edited=\u00bboff|desktop\u00bb header_2_font_size_tablet=\u00bb40px\u00bb header_2_font_size_phone=\u00bb30px\u00bb header_2_font_size_last_edited=\u00bbon|phone\u00bb]<h2><strong>Atenci\u00f3n Residencial<\/strong><\/h2>[\/et_pb_text][\/et_pb_column][\/et_pb_row][et_pb_row column_structure=\u00bb1_2,1_2&#8243; custom_padding_last_edited=\u00bboff|desktop\u00bb admin_label=\u00bbText Area\u00bb _builder_version=\u00bb3.25&#8243; custom_padding=\u00bb|||\u00bb custom_padding_tablet=\u00bb100px||50px|\u00bb][et_pb_column type=\u00bb1_2&#8243; _builder_version=\u00bb3.25&#8243; custom_padding=\u00bb|||\u00bb custom_padding__hover=\u00bb|||\u00bb][et_pb_text _builder_version=\u00bb4.5.0&#8243; text_font=\u00bbMontserrat|300|||||||\u00bb text_font_size=\u00bb16px\u00bb text_line_height=\u00bb2em\u00bb link_font=\u00bb||||||||\u00bb ul_font=\u00bb||||||||\u00bb ol_font=\u00bb||||||||\u00bb quote_font=\u00bb||||||||\u00bb header_font=\u00bb||||||||\u00bb header_2_font=\u00bbMontserrat|300|||||||\u00bb header_2_text_color=\u00bb#212d3b\u00bb header_2_font_size=\u00bb40px\u00bb header_2_line_height=\u00bb1.5em\u00bb text_orientation=\u00bbcenter\u00bb max_width=\u00bb600px\u00bb module_alignment=\u00bbcenter\u00bb min_height=\u00bb207px\u00bb custom_margin=\u00bb||0px|||\u00bb custom_margin_tablet=\u00bb0px|50px||50px\u00bb custom_margin_last_edited=\u00bboff|desktop\u00bb custom_padding=\u00bb|||\u00bb locked=\u00bboff\u00bb]<p style=\"text-align: justify;\"><span style=\"font-size: 18px; text-align: left;\">AURA Andaluc\u00eda tiene una dilatada experiencia, de m\u00e1s de 20 a\u00f1os, en atenci\u00f3n residencial. Trabajando desde una perspectiva biopsicosocial con cada uno de nuestros residentes de manera individualizada. Desarrollamos para cada uno de manera consensuada un programa de atenci\u00f3n individualizada con objetivos a corto, medio y largo plazo y la finalidad de mantener y mejorar las capacidades de nuestros mayores. Atenci\u00f3n integral gracias a nuestro equipo multidisciplinar.<\/span><\/p>\n<p><!-- \/wp:paragraph --><\/p>\n<p><!-- wp:paragraph --><\/p>\n<p>&nbsp;<\/p>[\/et_pb_text][\/et_pb_column][et_pb_column type=\u00bb1_2&#8243; _builder_version=\u00bb3.25&#8243; custom_padding=\u00bb|||\u00bb custom_padding__hover=\u00bb|||\u00bb][et_pb_image src=\u00bbhttp:\/\/www.auracuidados.es\/webauracuidados\/wp-content\/uploads\/2020\/10\/atencion-residencial-scaled.jpg\u00bb title_text=\u00bbatenci\u00f3n residencial\u00bb force_fullwidth=\u00bbon\u00bb align_tablet=\u00bbcenter\u00bb align_phone=\u00bb\u00bb align_last_edited=\u00bbon|desktop\u00bb _builder_version=\u00bb4.6.5&#8243; custom_margin=\u00bb|||\u00bb custom_padding=\u00bb|||\u00bb animation_style=\u00bbslide\u00bb animation_direction=\u00bbright\u00bb animation_intensity_slide=\u00bb5%\u00bb border_radii=\u00bboff|30px|||15vw\u00bb border_color_all=\u00bbrgba(0,0,0,0)\u00bb border_width_left=\u00bb2vw\u00bb box_shadow_style=\u00bbpreset1&#8243; box_shadow_color=\u00bbrgba(102,141,186,0.7)\u00bb][\/et_pb_image][\/et_pb_column][\/et_pb_row][et_pb_row _builder_version=\u00bb4.9.2&#8243; _module_preset=\u00bbdefault\u00bb width=\u00bb36.8%\u00bb module_alignment=\u00bbcenter\u00bb][et_pb_column type=\u00bb4_4&#8243; _builder_version=\u00bb4.9.2&#8243; _module_preset=\u00bbdefault\u00bb][et_pb_blurb title=\u00bbNuestros centros\u00bb url=\u00bb@ET-DC@eyJkeW5hbWljIjp0cnVlLCJjb250ZW50IjoicG9zdF9saW5rX3VybF9wYWdlIiwic2V0dGluZ3MiOnsicG9zdF9pZCI6IjgwIn19@\u00bb use_icon=\u00bbon\u00bb font_icon=\u00bb%%144%%\u00bb _builder_version=\u00bb4.9.2&#8243; _dynamic_attributes=\u00bblink_option_url,url\u00bb _module_preset=\u00bbdefault\u00bb header_level=\u00bbh2&#8243; header_text_align=\u00bbcenter\u00bb width=\u00bb100%\u00bb min_height=\u00bb170px\u00bb custom_padding=\u00bb10px|0px|0px|||\u00bb animation_style=\u00bbbounce\u00bb link_option_url=\u00bb@ET-DC@eyJkeW5hbWljIjp0cnVlLCJjb250ZW50IjoicG9zdF9saW5rX3VybF9wYWdlIiwic2V0dGluZ3MiOnsicG9zdF9pZCI6IjgwIn19@\u00bb border_radii=\u00bbon|18px|18px|18px|18px\u00bb border_width_all=\u00bb2px\u00bb border_color_all=\u00bb#1000a3&#8243; custom_margin=\u00bb|-36px||||\u00bb][\/et_pb_blurb][\/et_pb_column][\/et_pb_row][\/et_pb_section]","protected":false},"excerpt":{"rendered":"<p>Atenci\u00f3n ResidencialAURA Andaluc\u00eda tiene una dilatada experiencia, de m\u00e1s de 20 a\u00f1os, en atenci\u00f3n residencial. Trabajando desde una perspectiva biopsicosocial con cada uno de nuestros residentes de manera individualizada. Desarrollamos para cada uno de manera consensuada un programa de atenci\u00f3n individualizada con objetivos a corto, medio y largo plazo y la finalidad de mantener y [&hellip;]<\/p>\n","protected":false},"author":1,"featured_media":0,"parent":0,"menu_order":0,"comment_status":"closed","ping_status":"closed","template":"","meta":{"_et_pb_use_builder":"on","_et_pb_old_content":"","_et_gb_content_width":"","footnotes":""},"class_list":["post-793","page","type-page","status-publish","hentry"],"_links":{"self":[{"href":"https:\/\/www.auracuidados.es\/webauracuidados\/index.php?rest_route=\/wp\/v2\/pages\/793","targetHints":{"allow":["GET"]}}],"collection":[{"href":"https:\/\/www.auracuidados.es\/webauracuidados\/index.php?rest_route=\/wp\/v2\/pages"}],"about":[{"href":"https:\/\/www.auracuidados.es\/webauracuidados\/index.php?rest_route=\/wp\/v2\/types\/page"}],"author":[{"embeddable":true,"href":"https:\/\/www.auracuidados.es\/webauracuidados\/index.php?rest_route=\/wp\/v2\/users\/1"}],"replies":[{"embeddable":true,"href":"https:\/\/www.auracuidados.es\/webauracuidados\/index.php?rest_route=%2Fwp%2Fv2%2Fcomments&post=793"}],"version-history":[{"count":26,"href":"https:\/\/www.auracuidados.es\/webauracuidados\/index.php?rest_route=\/wp\/v2\/pages\/793\/revisions"}],"predecessor-version":[{"id":1321,"href":"https:\/\/www.auracuidados.es\/webauracuidados\/index.php?rest_route=\/wp\/v2\/pages\/793\/revisions\/1321"}],"wp:attachment":[{"href":"https:\/\/www.auracuidados.es\/webauracuidados\/index.php?rest_route=%2Fwp%2Fv2%2Fmedia&parent=793"}],"curies":[{"name":"wp","href":"https:\/\/api.w.org\/{rel}","templated":true}]}}