{"id":805,"date":"2020-10-15T23:25:44","date_gmt":"2020-10-15T23:25:44","guid":{"rendered":"http:\/\/www.auracuidados.es\/webauracuidados\/?page_id=805"},"modified":"2021-10-26T10:18:50","modified_gmt":"2021-10-26T10:18:50","slug":"centros-de-dia","status":"publish","type":"page","link":"https:\/\/www.auracuidados.es\/webauracuidados\/?page_id=805","title":{"rendered":"CENTROS DE D\u00cdA"},"content":{"rendered":"<p>[et_pb_section fb_built=\u00bb1&#8243; admin_label=\u00bbServices\u00bb _builder_version=\u00bb4.5.0&#8243; background_color=\u00bb#f1f5f7&#8243; min_height=\u00bb734px\u00bb custom_margin=\u00bb-2px||6px|||\u00bb custom_padding=\u00bb18px|0px|18px|0px|true|false\u00bb border_radii=\u00bboff|15vw|15vw||\u00bb][et_pb_row custom_padding_last_edited=\u00bboff|desktop\u00bb admin_label=\u00bbText Area\u00bb _builder_version=\u00bb3.25&#8243; custom_padding=\u00bb|||\u00bb custom_padding_tablet=\u00bb100px||50px|\u00bb][et_pb_column type=\u00bb4_4&#8243; _builder_version=\u00bb3.25&#8243; custom_padding=\u00bb|||\u00bb custom_padding__hover=\u00bb|||\u00bb][et_pb_text _builder_version=\u00bb4.9.2&#8243; text_font=\u00bbMontserrat|300|||||||\u00bb text_font_size=\u00bb16px\u00bb text_line_height=\u00bb1.8em\u00bb ul_font=\u00bb||||||||\u00bb ol_font=\u00bb||||||||\u00bb header_font=\u00bb||||||||\u00bb header_2_font=\u00bbMontserrat|300|||||||\u00bb header_2_font_size=\u00bb40px\u00bb header_2_line_height=\u00bb1.5em\u00bb text_orientation=\u00bbcenter\u00bb max_width=\u00bb600px\u00bb module_alignment=\u00bbcenter\u00bb custom_margin=\u00bb|||\u00bb custom_margin_tablet=\u00bb0px|50px||50px\u00bb custom_margin_last_edited=\u00bboff|desktop\u00bb custom_padding=\u00bb|||\u00bb text_line_height_tablet=\u00bb1.8em\u00bb text_line_height_phone=\u00bb1.8em\u00bb text_line_height_last_edited=\u00bboff|desktop\u00bb header_2_font_size_tablet=\u00bb40px\u00bb header_2_font_size_phone=\u00bb30px\u00bb header_2_font_size_last_edited=\u00bbon|phone\u00bb]<\/p>\n<h2><strong>Centros de d\u00eda<\/strong><\/h2>\n<p>[\/et_pb_text][\/et_pb_column][\/et_pb_row][et_pb_row column_structure=\u00bb1_2,1_2&#8243; custom_padding_last_edited=\u00bboff|desktop\u00bb admin_label=\u00bbText Area\u00bb _builder_version=\u00bb3.25&#8243; custom_padding=\u00bb|||\u00bb custom_padding_tablet=\u00bb100px||50px|\u00bb][et_pb_column type=\u00bb1_2&#8243; _builder_version=\u00bb3.25&#8243; custom_padding=\u00bb|||\u00bb custom_padding__hover=\u00bb|||\u00bb][et_pb_text _builder_version=\u00bb4.5.0&#8243; text_font=\u00bbMontserrat|300|||||||\u00bb text_font_size=\u00bb16px\u00bb text_line_height=\u00bb2em\u00bb link_font=\u00bb||||||||\u00bb ul_font=\u00bb||||||||\u00bb ol_font=\u00bb||||||||\u00bb quote_font=\u00bb||||||||\u00bb header_font=\u00bb||||||||\u00bb header_2_font=\u00bbMontserrat|300|||||||\u00bb header_2_text_color=\u00bb#212d3b\u00bb header_2_font_size=\u00bb40px\u00bb header_2_line_height=\u00bb1.5em\u00bb text_orientation=\u00bbcenter\u00bb max_width=\u00bb600px\u00bb module_alignment=\u00bbcenter\u00bb min_height=\u00bb207px\u00bb custom_margin=\u00bb||0px|||\u00bb custom_margin_tablet=\u00bb0px|50px||50px\u00bb custom_margin_last_edited=\u00bboff|desktop\u00bb custom_padding=\u00bb|||\u00bb locked=\u00bboff\u00bb]<\/p>\n<p style=\"text-align: justify;\"><span style=\"font-size: 18px; text-align: left;\"><span><\/span><\/span><\/p>\n<p style=\"text-align: justify;\"><span style=\"font-size: 18px; text-align: left;\"><span><\/span><\/span><\/p>\n<p style=\"text-align: justify;\"><span style=\"font-size: 18px; text-align: left;\"><span><\/span><\/span><\/p>\n<p style=\"text-align: justify;\"><span style=\"font-size: 18px; text-align: left;\"><span><\/span><\/span><\/p>\n<p style=\"text-align: justify;\"><span style=\"font-size: 18px; text-align: left;\"><span><\/span><\/span><\/p>\n<p style=\"text-align: justify;\"><span style=\"font-size: 18px; text-align: left;\"><span><\/span><\/span><\/p>\n<p style=\"text-align: justify;\"><span style=\"font-size: 18px; text-align: left;\"><span>Nuestros centros de d\u00eda est\u00e1n encaminados principalmente a la estimulaci\u00f3n cognitiva y a la recuperaci\u00f3n funcional y terap\u00e9utica. Somos un punto de apoyo para las familias para que puedan conciliar su vida laboral y familiar y para que nuestros usuarios puedan mantenerse en el domicilio el m\u00e1ximo tiempo posible.<\/span>\u00a0<\/span>\u00a0<\/p>\n<p>[\/et_pb_text][\/et_pb_column][et_pb_column type=\u00bb1_2&#8243; _builder_version=\u00bb3.25&#8243; custom_padding=\u00bb|||\u00bb custom_padding__hover=\u00bb|||\u00bb][et_pb_image src=\u00bbhttp:\/\/www.auracuidados.es\/webauracuidados\/wp-content\/uploads\/2020\/10\/centro-de-dia1.png\u00bb title_text=\u00bbcentro de dia1&#8243; force_fullwidth=\u00bbon\u00bb align_tablet=\u00bbcenter\u00bb align_phone=\u00bb\u00bb align_last_edited=\u00bbon|desktop\u00bb _builder_version=\u00bb4.6.5&#8243; custom_margin=\u00bb|||\u00bb custom_padding=\u00bb|||\u00bb animation_style=\u00bbslide\u00bb animation_direction=\u00bbright\u00bb animation_intensity_slide=\u00bb5%\u00bb border_radii=\u00bboff|30px|||15vw\u00bb border_color_all=\u00bbrgba(0,0,0,0)\u00bb border_width_left=\u00bb2vw\u00bb box_shadow_style=\u00bbpreset1&#8243; box_shadow_color=\u00bbrgba(102,141,186,0.7)\u00bb][\/et_pb_image][\/et_pb_column][\/et_pb_row][et_pb_row disabled_on=\u00bbon|off|off\u00bb _builder_version=\u00bb4.9.2&#8243; _module_preset=\u00bbdefault\u00bb width=\u00bb24.1%\u00bb module_alignment=\u00bbcenter\u00bb][et_pb_column type=\u00bb4_4&#8243; _builder_version=\u00bb4.9.2&#8243; _module_preset=\u00bbdefault\u00bb][et_pb_blurb title=\u00bbNuestros centros\u00bb url=\u00bb@ET-DC@eyJkeW5hbWljIjp0cnVlLCJjb250ZW50IjoicG9zdF9saW5rX3VybF9wYWdlIiwic2V0dGluZ3MiOnsicG9zdF9pZCI6IjgwIn19@\u00bb use_icon=\u00bbon\u00bb font_icon=\u00bb%%144%%\u00bb _builder_version=\u00bb4.9.2&#8243; _dynamic_attributes=\u00bblink_option_url,url\u00bb _module_preset=\u00bbdefault\u00bb header_level=\u00bbh2&#8243; header_text_align=\u00bbcenter\u00bb width=\u00bb92%\u00bb min_height=\u00bb170px\u00bb custom_padding=\u00bb10px|0px|0px|||\u00bb animation_style=\u00bbbounce\u00bb link_option_url=\u00bb@ET-DC@eyJkeW5hbWljIjp0cnVlLCJjb250ZW50IjoicG9zdF9saW5rX3VybF9wYWdlIiwic2V0dGluZ3MiOnsicG9zdF9pZCI6IjgwIn19@\u00bb border_radii=\u00bbon|18px|18px|18px|18px\u00bb border_width_all=\u00bb2px\u00bb border_color_all=\u00bb#1000a3&#8243;][\/et_pb_blurb][\/et_pb_column][\/et_pb_row][et_pb_row disabled_on=\u00bboff|on|on\u00bb _builder_version=\u00bb4.9.2&#8243; _module_preset=\u00bbdefault\u00bb width=\u00bb24.1%\u00bb module_alignment=\u00bbcenter\u00bb custom_padding=\u00bb|0px||||\u00bb custom_margin=\u00bb|84px||auto||\u00bb][et_pb_column type=\u00bb4_4&#8243; _builder_version=\u00bb4.9.2&#8243; _module_preset=\u00bbdefault\u00bb][et_pb_blurb title=\u00bbNuestros centros\u00bb url=\u00bb@ET-DC@eyJkeW5hbWljIjp0cnVlLCJjb250ZW50IjoicG9zdF9saW5rX3VybF9wYWdlIiwic2V0dGluZ3MiOnsicG9zdF9pZCI6IjgwIn19@\u00bb use_icon=\u00bbon\u00bb font_icon=\u00bb%%144%%\u00bb _builder_version=\u00bb4.9.2&#8243; _dynamic_attributes=\u00bblink_option_url,url\u00bb _module_preset=\u00bbdefault\u00bb header_level=\u00bbh2&#8243; header_text_align=\u00bbcenter\u00bb width=\u00bb90.8%\u00bb min_height=\u00bb170px\u00bb custom_margin=\u00bb|-19px||-19px||true\u00bb custom_padding=\u00bb10px|113px|0px|||\u00bb animation_style=\u00bbbounce\u00bb link_option_url=\u00bb@ET-DC@eyJkeW5hbWljIjp0cnVlLCJjb250ZW50IjoicG9zdF9saW5rX3VybF9wYWdlIiwic2V0dGluZ3MiOnsicG9zdF9pZCI6IjgwIn19@\u00bb border_radii=\u00bbon|18px|18px|18px|18px\u00bb border_width_all=\u00bb2px\u00bb border_color_all=\u00bb#1000a3&#8243;][\/et_pb_blurb][\/et_pb_column][\/et_pb_row][\/et_pb_section]<\/p>\n","protected":false},"excerpt":{"rendered":"<p>Centros de d\u00eda Nuestros centros de d\u00eda est\u00e1n encaminados principalmente a la estimulaci\u00f3n cognitiva y a la recuperaci\u00f3n funcional y terap\u00e9utica. Somos un punto de apoyo para las familias para que puedan conciliar su vida laboral y familiar y para que nuestros usuarios puedan mantenerse en el domicilio el m\u00e1ximo tiempo posible.\u00a0\u00a0<\/p>\n","protected":false},"author":1,"featured_media":0,"parent":0,"menu_order":0,"comment_status":"closed","ping_status":"closed","template":"","meta":{"_et_pb_use_builder":"on","_et_pb_old_content":"","_et_gb_content_width":"","footnotes":""},"class_list":["post-805","page","type-page","status-publish","hentry"],"_links":{"self":[{"href":"https:\/\/www.auracuidados.es\/webauracuidados\/index.php?rest_route=\/wp\/v2\/pages\/805","targetHints":{"allow":["GET"]}}],"collection":[{"href":"https:\/\/www.auracuidados.es\/webauracuidados\/index.php?rest_route=\/wp\/v2\/pages"}],"about":[{"href":"https:\/\/www.auracuidados.es\/webauracuidados\/index.php?rest_route=\/wp\/v2\/types\/page"}],"author":[{"embeddable":true,"href":"https:\/\/www.auracuidados.es\/webauracuidados\/index.php?rest_route=\/wp\/v2\/users\/1"}],"replies":[{"embeddable":true,"href":"https:\/\/www.auracuidados.es\/webauracuidados\/index.php?rest_route=%2Fwp%2Fv2%2Fcomments&post=805"}],"version-history":[{"count":8,"href":"https:\/\/www.auracuidados.es\/webauracuidados\/index.php?rest_route=\/wp\/v2\/pages\/805\/revisions"}],"predecessor-version":[{"id":1714,"href":"https:\/\/www.auracuidados.es\/webauracuidados\/index.php?rest_route=\/wp\/v2\/pages\/805\/revisions\/1714"}],"wp:attachment":[{"href":"https:\/\/www.auracuidados.es\/webauracuidados\/index.php?rest_route=%2Fwp%2Fv2%2Fmedia&parent=805"}],"curies":[{"name":"wp","href":"https:\/\/api.w.org\/{rel}","templated":true}]}}