{"id":99,"date":"2020-07-13T11:15:11","date_gmt":"2020-07-13T11:15:11","guid":{"rendered":"http:\/\/www.auracuidados.es\/webauracuidados\/?page_id=99"},"modified":"2024-11-15T12:18:26","modified_gmt":"2024-11-15T12:18:26","slug":"teleasistencia-2","status":"publish","type":"page","link":"https:\/\/www.auracuidados.es\/webauracuidados\/?page_id=99","title":{"rendered":"TELEASISTENCIA"},"content":{"rendered":"<p>[et_pb_section fb_built=\u00bb1&#8243; admin_label=\u00bbServices\u00bb _builder_version=\u00bb4.16&#8243; background_color=\u00bb#f1f5f7&#8243; min_height=\u00bb1245px\u00bb custom_margin=\u00bb-2px||6px|||\u00bb custom_padding=\u00bb23px|0px|23px|0px|true|false\u00bb border_radii=\u00bboff|15vw|15vw||\u00bb global_colors_info=\u00bb{}\u00bb][et_pb_row custom_padding_last_edited=\u00bboff|desktop\u00bb admin_label=\u00bbText Area\u00bb _builder_version=\u00bb4.16&#8243; custom_padding=\u00bb|||\u00bb custom_padding_tablet=\u00bb100px||50px|\u00bb global_colors_info=\u00bb{}\u00bb][et_pb_column type=\u00bb4_4&#8243; _builder_version=\u00bb4.16&#8243; custom_padding=\u00bb|||\u00bb global_colors_info=\u00bb{}\u00bb custom_padding__hover=\u00bb|||\u00bb][et_pb_text _builder_version=\u00bb4.16&#8243; text_font=\u00bbMontserrat|300|||||||\u00bb text_font_size=\u00bb16px\u00bb text_line_height=\u00bb1.8em\u00bb ul_font=\u00bb||||||||\u00bb ol_font=\u00bb||||||||\u00bb header_font=\u00bb||||||||\u00bb header_2_font=\u00bbMontserrat|300|||||||\u00bb header_2_font_size=\u00bb40px\u00bb header_2_line_height=\u00bb1.5em\u00bb text_orientation=\u00bbcenter\u00bb max_width=\u00bb600px\u00bb module_alignment=\u00bbcenter\u00bb custom_margin=\u00bb|||\u00bb custom_margin_tablet=\u00bb0px|50px||50px\u00bb custom_margin_last_edited=\u00bboff|desktop\u00bb custom_padding=\u00bb|||\u00bb text_line_height_tablet=\u00bb1.8em\u00bb text_line_height_phone=\u00bb1.8em\u00bb text_line_height_last_edited=\u00bboff|desktop\u00bb header_2_font_size_tablet=\u00bb40px\u00bb header_2_font_size_phone=\u00bb30px\u00bb header_2_font_size_last_edited=\u00bbon|phone\u00bb global_colors_info=\u00bb{}\u00bb]<\/p>\n<h2><strong>Teleasistencia<\/strong><\/h2>\n<p>[\/et_pb_text][\/et_pb_column][\/et_pb_row][et_pb_row column_structure=\u00bb1_2,1_2&#8243; custom_padding_last_edited=\u00bboff|desktop\u00bb admin_label=\u00bbText Area\u00bb _builder_version=\u00bb4.16&#8243; custom_padding=\u00bb|||\u00bb custom_padding_tablet=\u00bb100px||50px|\u00bb global_colors_info=\u00bb{}\u00bb][et_pb_column type=\u00bb1_2&#8243; _builder_version=\u00bb4.16&#8243; custom_padding=\u00bb|||\u00bb global_colors_info=\u00bb{}\u00bb custom_padding__hover=\u00bb|||\u00bb][et_pb_text _builder_version=\u00bb4.16&#8243; text_font=\u00bbMontserrat|300|||||||\u00bb text_font_size=\u00bb16px\u00bb text_line_height=\u00bb2em\u00bb link_font=\u00bb||||||||\u00bb ul_font=\u00bb||||||||\u00bb ol_font=\u00bb||||||||\u00bb quote_font=\u00bb||||||||\u00bb header_font=\u00bb||||||||\u00bb header_2_font=\u00bbMontserrat|300|||||||\u00bb header_2_text_color=\u00bb#212d3b\u00bb header_2_font_size=\u00bb40px\u00bb header_2_line_height=\u00bb1.5em\u00bb text_orientation=\u00bbcenter\u00bb max_width=\u00bb600px\u00bb module_alignment=\u00bbcenter\u00bb min_height=\u00bb207px\u00bb custom_margin=\u00bb||0px|||\u00bb custom_margin_tablet=\u00bb0px|50px||50px\u00bb custom_margin_last_edited=\u00bboff|desktop\u00bb custom_padding=\u00bb|||\u00bb locked=\u00bboff\u00bb global_colors_info=\u00bb{}\u00bb]<\/p>\n<p><span style=\"font-size: 16px;\"><\/span><\/p>\n<p><span style=\"font-size: 16px;\">\u00a0<\/span><\/p>\n<p style=\"text-align: justify;\"><span style=\"font-size: 16px;\">Pensado para personas mayores que viven solas o padecen de alg\u00fan tipo deterioro cognitivo, el servicio de teleasistencia avanzada y m\u00f3vil de Aura nos permite atenderos en vuestra casa y fuera de ella.<\/span><\/p>\n<p>[\/et_pb_text][\/et_pb_column][et_pb_column type=\u00bb1_2&#8243; _builder_version=\u00bb4.16&#8243; custom_padding=\u00bb|||\u00bb global_colors_info=\u00bb{}\u00bb custom_padding__hover=\u00bb|||\u00bb][et_pb_image src=\u00bbhttps:\/\/www.auracuidados.es\/webauracuidados\/wp-content\/uploads\/2020\/10\/teleasistencia1-e1602758937678.jpg\u00bb title_text=\u00bbteleasistencia1&#8243; force_fullwidth=\u00bbon\u00bb align_tablet=\u00bbcenter\u00bb align_phone=\u00bb\u00bb align_last_edited=\u00bbon|desktop\u00bb _builder_version=\u00bb4.16&#8243; custom_margin=\u00bb|||\u00bb custom_padding=\u00bb|||\u00bb animation_style=\u00bbslide\u00bb animation_direction=\u00bbright\u00bb animation_intensity_slide=\u00bb5%\u00bb border_radii=\u00bboff|30px|||15vw\u00bb border_color_all=\u00bbrgba(0,0,0,0)\u00bb border_width_left=\u00bb2vw\u00bb box_shadow_style=\u00bbpreset1&#8243; box_shadow_color=\u00bbrgba(102,141,186,0.7)\u00bb global_colors_info=\u00bb{}\u00bb][\/et_pb_image][\/et_pb_column][\/et_pb_row][et_pb_row column_structure=\u00bb1_2,1_2&#8243; disabled_on=\u00bbon|on|off\u00bb _builder_version=\u00bb4.16&#8243; _module_preset=\u00bbdefault\u00bb background_color=\u00bb#ffffff\u00bb width=\u00bb84.1%\u00bb min_height=\u00bb398px\u00bb custom_margin=\u00bb|33px||255px||\u00bb border_radii=\u00bbon|25px|25px|25px|25px\u00bb border_width_all=\u00bb9px\u00bb border_color_all=\u00bb#ffffff\u00bb global_colors_info=\u00bb{}\u00bb][et_pb_column type=\u00bb1_2&#8243; _builder_version=\u00bb4.16&#8243; _module_preset=\u00bbdefault\u00bb global_colors_info=\u00bb{}\u00bb][et_pb_slider disabled_on=\u00bboff|off|off\u00bb _builder_version=\u00bb4.26.1&#8243; _module_preset=\u00bbdefault\u00bb min_height=\u00bb310px\u00bb custom_margin=\u00bb||-20px|26px||\u00bb border_width_all=\u00bb31px\u00bb border_color_all=\u00bb#FFFFFF\u00bb global_colors_info=\u00bb{}\u00bb][et_pb_slide _builder_version=\u00bb4.26.1&#8243; _module_preset=\u00bbdefault\u00bb background_image=\u00bbhttps:\/\/www.auracuidados.es\/webauracuidados\/wp-content\/uploads\/2024\/11\/Aura-Teleasistencia.png\u00bb background_enable_image=\u00bbon\u00bb hover_enabled=\u00bb0&#8243; global_colors_info=\u00bb{}\u00bb sticky_transition=\u00bbon\u00bb title_text=\u00bbAura-Teleasistencia\u00bb sticky_enabled=\u00bb0&#8243;][\/et_pb_slide][et_pb_slide _builder_version=\u00bb4.16&#8243; _module_preset=\u00bbdefault\u00bb background_enable_color=\u00bboff\u00bb background_image=\u00bbhttps:\/\/www.auracuidados.es\/webauracuidados\/wp-content\/uploads\/2020\/10\/row2-left.png\u00bb background_enable_image=\u00bbon\u00bb global_colors_info=\u00bb{}\u00bb sticky_transition=\u00bbon\u00bb][\/et_pb_slide][\/et_pb_slider][\/et_pb_column][et_pb_column type=\u00bb1_2&#8243; _builder_version=\u00bb4.16&#8243; _module_preset=\u00bbdefault\u00bb global_colors_info=\u00bb{}\u00bb][et_pb_text disabled_on=\u00bboff|off|off\u00bb _builder_version=\u00bb4.16&#8243; _module_preset=\u00bbdefault\u00bb width=\u00bb95.5%\u00bb min_height=\u00bb340px\u00bb custom_margin=\u00bb|53px||-42px||\u00bb custom_padding=\u00bb||0px|0px||\u00bb global_colors_info=\u00bb{}\u00bb]<\/p>\n<p style=\"text-align: justify;\"><span style=\"font-size: large;\"><\/span><\/p>\n<p style=\"text-align: justify;\"><span style=\"font-size: large;\"><\/span><\/p>\n<p style=\"text-align: justify;\"><span style=\"font-size: medium;\"><\/span><\/p>\n<p style=\"text-align: justify;\"><span style=\"font-size: medium;\">Se trata de un peque\u00f1o dispositivo que funciona tanto en casa, como fuera de ella, lo podemos llevar con nosotros a cualquier sitio. Permite a nuestros familiares contactar con nosotros a trav\u00e9s de \u00e9l, o conocer nuestra ubicaci\u00f3n desde su propio tel\u00e9fono m\u00f3vil. Desde Aura te atendemos los 365 d\u00edas del a\u00f1o, las 24 horas del d\u00eda. Con solo pulsar un bot\u00f3n nuestros profesionales sanitarios se pondr\u00e1n en contacto contigo, podr\u00e1n conocer tu ubicaci\u00f3n y contactar con tus familiares o incluso en caso de emergencia con el 112. El dispositivo permite adem\u00e1s la detecci\u00f3n de ca\u00eddas, y desde este mes adem\u00e1s hemos comenzado a atender por videoconsulta<\/span><\/p>\n<p>[\/et_pb_text][\/et_pb_column][\/et_pb_row][et_pb_row column_structure=\u00bb1_2,1_2&#8243; disabled_on=\u00bboff|off|on\u00bb _builder_version=\u00bb4.16&#8243; _module_preset=\u00bbdefault\u00bb background_color=\u00bb#ffffff\u00bb width=\u00bb89.4%\u00bb min_height=\u00bb398px\u00bb custom_margin=\u00bb|88px||14px||\u00bb border_radii=\u00bbon|25px|25px|25px|25px\u00bb border_width_all=\u00bb9px\u00bb border_color_all=\u00bb#ffffff\u00bb global_colors_info=\u00bb{}\u00bb][et_pb_column type=\u00bb1_2&#8243; _builder_version=\u00bb4.16&#8243; _module_preset=\u00bbdefault\u00bb global_colors_info=\u00bb{}\u00bb][et_pb_slider disabled_on=\u00bboff|off|off\u00bb _builder_version=\u00bb4.16&#8243; _module_preset=\u00bbdefault\u00bb width=\u00bb93.4%\u00bb min_height=\u00bb310px\u00bb custom_margin=\u00bb|-61px|-20px|26px||\u00bb border_width_all=\u00bb31px\u00bb border_color_all=\u00bb#FFFFFF\u00bb global_colors_info=\u00bb{}\u00bb][et_pb_slide _builder_version=\u00bb4.16&#8243; _module_preset=\u00bbdefault\u00bb background_image=\u00bbhttps:\/\/www.auracuidados.es\/webauracuidados\/wp-content\/uploads\/2020\/10\/Aura-Teleasistencia-3-scaled.jpg\u00bb background_enable_image=\u00bbon\u00bb global_colors_info=\u00bb{}\u00bb sticky_transition=\u00bbon\u00bb][\/et_pb_slide][et_pb_slide _builder_version=\u00bb4.16&#8243; _module_preset=\u00bbdefault\u00bb background_enable_color=\u00bboff\u00bb background_image=\u00bbhttps:\/\/www.auracuidados.es\/webauracuidados\/wp-content\/uploads\/2020\/10\/row2-left.png\u00bb background_enable_image=\u00bbon\u00bb global_colors_info=\u00bb{}\u00bb sticky_transition=\u00bbon\u00bb][\/et_pb_slide][\/et_pb_slider][\/et_pb_column][et_pb_column type=\u00bb1_2&#8243; _builder_version=\u00bb4.16&#8243; _module_preset=\u00bbdefault\u00bb global_colors_info=\u00bb{}\u00bb][et_pb_text disabled_on=\u00bboff|off|off\u00bb _builder_version=\u00bb4.16&#8243; _module_preset=\u00bbdefault\u00bb width=\u00bb95.5%\u00bb min_height=\u00bb340px\u00bb custom_margin=\u00bb|53px||32px||\u00bb custom_padding=\u00bb|41px|0px|9px||\u00bb global_colors_info=\u00bb{}\u00bb]<\/p>\n<p style=\"text-align: justify;\"><span style=\"font-size: large;\"><\/span><\/p>\n<p style=\"text-align: justify;\"><span style=\"font-size: large;\"><\/span><\/p>\n<p style=\"text-align: justify;\"><span style=\"font-size: medium;\"><\/span><\/p>\n<p style=\"text-align: justify;\"><span style=\"font-size: medium;\">Se trata de un peque\u00f1o dispositivo que funciona tanto en casa, como fuera de ella, lo podemos llevar con nosotros a cualquier sitio. Permite a nuestros familiares contactar con nosotros a trav\u00e9s de \u00e9l, o conocer nuestra ubicaci\u00f3n desde su propio tel\u00e9fono m\u00f3vil. Desde Aura te atendemos los 365 d\u00edas del a\u00f1o, las 24 horas del d\u00eda. Con solo pulsar un bot\u00f3n nuestros profesionales sanitarios se pondr\u00e1n en contacto contigo, podr\u00e1n conocer tu ubicaci\u00f3n y contactar con tus familiares o incluso en caso de emergencia con el 112. El dispositivo permite adem\u00e1s la detecci\u00f3n de ca\u00eddas, y desde este mes adem\u00e1s hemos comenzado a atender por videoconsulta<\/span><\/p>\n<p>[\/et_pb_text][\/et_pb_column][\/et_pb_row][et_pb_row _builder_version=\u00bb4.16&#8243; _module_preset=\u00bbdefault\u00bb global_colors_info=\u00bb{}\u00bb][et_pb_column type=\u00bb4_4&#8243; _builder_version=\u00bb4.16&#8243; _module_preset=\u00bbdefault\u00bb global_colors_info=\u00bb{}\u00bb][et_pb_text _builder_version=\u00bb4.26.1&#8243; _module_preset=\u00bbdefault\u00bb text_font=\u00bbAbel||||||||\u00bb text_text_color=\u00bb#777777&#8243; global_colors_info=\u00bb{}\u00bb]<\/p>\n<h3 style=\"text-align: center;\"><strong>Contacte con nosotros al: 627805142<\/strong><\/h3>\n<p>[\/et_pb_text][\/et_pb_column][\/et_pb_row][et_pb_row _builder_version=\u00bb4.16&#8243; _module_preset=\u00bbdefault\u00bb global_colors_info=\u00bb{}\u00bb][et_pb_column type=\u00bb4_4&#8243; _builder_version=\u00bb4.16&#8243; _module_preset=\u00bbdefault\u00bb global_colors_info=\u00bb{}\u00bb][\/et_pb_column][\/et_pb_row][et_pb_row _builder_version=\u00bb4.16&#8243; _module_preset=\u00bbdefault\u00bb background_color=\u00bb#ffffff\u00bb scroll_vertical_motion=\u00bb0|69|69|100|4|0|-4&#8243; scroll_fade_enable=\u00bbon\u00bb scroll_scaling_enable=\u00bbon\u00bb border_radii=\u00bbon|70px|70px|70px|70px\u00bb global_colors_info=\u00bb{}\u00bb][et_pb_column type=\u00bb4_4&#8243; _builder_version=\u00bb4.16&#8243; _module_preset=\u00bbdefault\u00bb global_colors_info=\u00bb{}\u00bb][et_pb_text _builder_version=\u00bb4.16&#8243; _module_preset=\u00bbdefault\u00bb custom_padding=\u00bb|24px|0px|24px|false|false\u00bb global_colors_info=\u00bb{}\u00bb]<\/p>\n<p style=\"text-align: center;\"><span style=\"font-size: x-large;\"><strong>Beneficios:<\/strong><\/span><\/p>\n<p style=\"text-align: center;\"><span style=\"font-size: large;\">&#8211; Atenci\u00f3n Sociosanitaria 24\/365<\/span><\/p>\n<p style=\"text-align: center;\"><span style=\"font-size: large;\">&#8211; Reduce la necesidad de atenci\u00f3n sanitaria por emergencias cotidianas<\/span><\/p>\n<p style=\"text-align: center;\"><span style=\"font-size: large;\">&#8211; Retrasa en el tiempo la necesidad de otros tipos de cuidados, c\u00f3mo pueden ser la ayuda a domicilio o la institucionalizaci\u00f3n en una residencia.<\/span><\/p>\n<p style=\"text-align: center;\"><span style=\"font-size: large;\">&#8211; Mayor sensaci\u00f3n de autonom\u00eda y seguridad para la persona<\/span><\/p>\n<p style=\"text-align: center;\"><span style=\"font-size: large;\">&#8211; Mayor tranquilidad para los familiares<\/span><\/p>\n<p style=\"text-align: center;\"><span style=\"font-size: large;\">&#8211; Localizaci\u00f3n en tiempo real<\/span><\/p>\n<p style=\"text-align: center;\"><span style=\"font-size: large;\">&#8211; Aplicaci\u00f3n m\u00f3vil para el familiar<\/span><\/p>\n<p style=\"text-align: center;\"><span style=\"font-size: large;\">&#8211; Dispositivo m\u00f3vil de peque\u00f1o tama\u00f1o, f\u00e1cilmente manejable<\/span><\/p>\n<p>[\/et_pb_text][\/et_pb_column][\/et_pb_row][\/et_pb_section]<\/p>\n","protected":false},"excerpt":{"rendered":"<p>Teleasistencia \u00a0 Pensado para personas mayores que viven solas o padecen de alg\u00fan tipo deterioro cognitivo, el servicio de teleasistencia avanzada y m\u00f3vil de Aura nos permite atenderos en vuestra casa y fuera de ella. Se trata de un peque\u00f1o dispositivo que funciona tanto en casa, como fuera de ella, lo podemos llevar con nosotros [&hellip;]<\/p>\n","protected":false},"author":1,"featured_media":0,"parent":0,"menu_order":0,"comment_status":"closed","ping_status":"closed","template":"","meta":{"_et_pb_use_builder":"on","_et_pb_old_content":"","_et_gb_content_width":"","footnotes":""},"class_list":["post-99","page","type-page","status-publish","hentry"],"_links":{"self":[{"href":"https:\/\/www.auracuidados.es\/webauracuidados\/index.php?rest_route=\/wp\/v2\/pages\/99","targetHints":{"allow":["GET"]}}],"collection":[{"href":"https:\/\/www.auracuidados.es\/webauracuidados\/index.php?rest_route=\/wp\/v2\/pages"}],"about":[{"href":"https:\/\/www.auracuidados.es\/webauracuidados\/index.php?rest_route=\/wp\/v2\/types\/page"}],"author":[{"embeddable":true,"href":"https:\/\/www.auracuidados.es\/webauracuidados\/index.php?rest_route=\/wp\/v2\/users\/1"}],"replies":[{"embeddable":true,"href":"https:\/\/www.auracuidados.es\/webauracuidados\/index.php?rest_route=%2Fwp%2Fv2%2Fcomments&post=99"}],"version-history":[{"count":28,"href":"https:\/\/www.auracuidados.es\/webauracuidados\/index.php?rest_route=\/wp\/v2\/pages\/99\/revisions"}],"predecessor-version":[{"id":2117,"href":"https:\/\/www.auracuidados.es\/webauracuidados\/index.php?rest_route=\/wp\/v2\/pages\/99\/revisions\/2117"}],"wp:attachment":[{"href":"https:\/\/www.auracuidados.es\/webauracuidados\/index.php?rest_route=%2Fwp%2Fv2%2Fmedia&parent=99"}],"curies":[{"name":"wp","href":"https:\/\/api.w.org\/{rel}","templated":true}]}}